{"id":880,"date":"2020-05-01T16:03:31","date_gmt":"2020-05-01T16:03:31","guid":{"rendered":"http:\/\/34.90.220.16\/?page_id=880"},"modified":"2023-12-17T11:22:16","modified_gmt":"2023-12-17T10:22:16","slug":"rgb-2017","status":"publish","type":"page","link":"https:\/\/petraherotova.com\/?page_id=880","title":{"rendered":"RGB, 2017"},"content":{"rendered":"\n<p>\u010cerven\u00e1, Zelen\u00e1, Modr\u00e1 (T\u0159i v\u011bky \u017eeny), t\u0159\u00edkan\u00e1lov\u00e9 video\/Red, Green, Blue (Three Ages of Woman), three-channel video installation, kamera\/camera: Iveta Dr\u00e1\u017edilov\u00e1, foto\/photo: Jan Mahr<\/p>\n\n\n\n<figure class=\"wp-block-gallery aligncenter has-nested-images columns-default is-cropped wp-block-gallery-1 is-layout-flex wp-block-gallery-is-layout-flex\">\n<figure class=\"wp-block-image size-large\"><a href=\"http:\/\/petraherotova.com\/wp-content\/uploads\/2020\/05\/herotova_p_01.jpg\" data-lbwps-width=\"2449\" data-lbwps-height=\"1632\" data-lbwps-srcsmall=\"https:\/\/petraherotova.com\/wp-content\/uploads\/2020\/05\/herotova_p_01-300x200.jpg\"><img loading=\"lazy\" decoding=\"async\" width=\"1024\" height=\"682\" data-id=\"881\" src=\"http:\/\/petraherotova.com\/wp-content\/uploads\/2020\/05\/herotova_p_01-1024x682.jpg\" alt=\"\" class=\"wp-image-881\" srcset=\"https:\/\/petraherotova.com\/wp-content\/uploads\/2020\/05\/herotova_p_01-1024x682.jpg 1024w, https:\/\/petraherotova.com\/wp-content\/uploads\/2020\/05\/herotova_p_01-300x200.jpg 300w, https:\/\/petraherotova.com\/wp-content\/uploads\/2020\/05\/herotova_p_01-768x512.jpg 768w, https:\/\/petraherotova.com\/wp-content\/uploads\/2020\/05\/herotova_p_01-1536x1024.jpg 1536w, https:\/\/petraherotova.com\/wp-content\/uploads\/2020\/05\/herotova_p_01-2048x1365.jpg 2048w, https:\/\/petraherotova.com\/wp-content\/uploads\/2020\/05\/herotova_p_01-1200x800.jpg 1200w, https:\/\/petraherotova.com\/wp-content\/uploads\/2020\/05\/herotova_p_01-1980x1319.jpg 1980w\" sizes=\"auto, (max-width: 1024px) 100vw, 1024px\" \/><\/a><\/figure>\n\n\n\n<figure class=\"wp-block-image size-large\"><a href=\"http:\/\/petraherotova.com\/wp-content\/uploads\/2020\/05\/herotova_p_09-scaled-1.jpg\" data-lbwps-width=\"2560\" data-lbwps-height=\"1712\" data-lbwps-srcsmall=\"https:\/\/petraherotova.com\/wp-content\/uploads\/2020\/05\/herotova_p_09-scaled-1-300x201.jpg\"><img loading=\"lazy\" decoding=\"async\" width=\"1024\" height=\"685\" data-id=\"882\" src=\"http:\/\/petraherotova.com\/wp-content\/uploads\/2020\/05\/herotova_p_09-scaled-1-1024x685.jpg\" alt=\"\" class=\"wp-image-882\" srcset=\"https:\/\/petraherotova.com\/wp-content\/uploads\/2020\/05\/herotova_p_09-scaled-1-1024x685.jpg 1024w, https:\/\/petraherotova.com\/wp-content\/uploads\/2020\/05\/herotova_p_09-scaled-1-300x201.jpg 300w, https:\/\/petraherotova.com\/wp-content\/uploads\/2020\/05\/herotova_p_09-scaled-1-768x514.jpg 768w, https:\/\/petraherotova.com\/wp-content\/uploads\/2020\/05\/herotova_p_09-scaled-1-1536x1027.jpg 1536w, https:\/\/petraherotova.com\/wp-content\/uploads\/2020\/05\/herotova_p_09-scaled-1-2048x1370.jpg 2048w, https:\/\/petraherotova.com\/wp-content\/uploads\/2020\/05\/herotova_p_09-scaled-1-1200x803.jpg 1200w, https:\/\/petraherotova.com\/wp-content\/uploads\/2020\/05\/herotova_p_09-scaled-1-1980x1324.jpg 1980w\" sizes=\"auto, (max-width: 1024px) 100vw, 1024px\" \/><\/a><\/figure>\n\n\n\n<figure class=\"wp-block-image size-large\"><a href=\"http:\/\/petraherotova.com\/wp-content\/uploads\/2020\/05\/herotova_p_10-scaled-1.jpg\" data-lbwps-width=\"2560\" data-lbwps-height=\"1707\" data-lbwps-srcsmall=\"https:\/\/petraherotova.com\/wp-content\/uploads\/2020\/05\/herotova_p_10-scaled-1-300x200.jpg\"><img loading=\"lazy\" decoding=\"async\" width=\"1024\" height=\"683\" data-id=\"883\" src=\"http:\/\/petraherotova.com\/wp-content\/uploads\/2020\/05\/herotova_p_10-scaled-1-1024x683.jpg\" alt=\"\" class=\"wp-image-883\" srcset=\"https:\/\/petraherotova.com\/wp-content\/uploads\/2020\/05\/herotova_p_10-scaled-1-1024x683.jpg 1024w, https:\/\/petraherotova.com\/wp-content\/uploads\/2020\/05\/herotova_p_10-scaled-1-300x200.jpg 300w, https:\/\/petraherotova.com\/wp-content\/uploads\/2020\/05\/herotova_p_10-scaled-1-768x512.jpg 768w, https:\/\/petraherotova.com\/wp-content\/uploads\/2020\/05\/herotova_p_10-scaled-1-1536x1024.jpg 1536w, https:\/\/petraherotova.com\/wp-content\/uploads\/2020\/05\/herotova_p_10-scaled-1-2048x1366.jpg 2048w, https:\/\/petraherotova.com\/wp-content\/uploads\/2020\/05\/herotova_p_10-scaled-1-1200x800.jpg 1200w, https:\/\/petraherotova.com\/wp-content\/uploads\/2020\/05\/herotova_p_10-scaled-1-1980x1320.jpg 1980w\" sizes=\"auto, (max-width: 1024px) 100vw, 1024px\" \/><\/a><\/figure>\n<\/figure>\n\n\n\n<figure class=\"wp-block-embed is-type-video is-provider-youtube wp-block-embed-youtube wp-embed-aspect-16-9 wp-has-aspect-ratio\"><div class=\"wp-block-embed__wrapper\">\n<iframe loading=\"lazy\" title=\"Red by Petra Herotova, 2017\" width=\"580\" height=\"326\" src=\"https:\/\/www.youtube.com\/embed\/UF_Fcu1EWvU?feature=oembed\" frameborder=\"0\" allow=\"accelerometer; autoplay; clipboard-write; encrypted-media; gyroscope; picture-in-picture; web-share\" referrerpolicy=\"strict-origin-when-cross-origin\" allowfullscreen><\/iframe>\n<\/div><\/figure>\n\n\n\n<figure class=\"wp-block-embed is-type-video is-provider-youtube wp-block-embed-youtube wp-embed-aspect-16-9 wp-has-aspect-ratio\"><div class=\"wp-block-embed__wrapper\">\n<iframe loading=\"lazy\" title=\"Green by Petra Herotova, 2017\" width=\"580\" height=\"326\" src=\"https:\/\/www.youtube.com\/embed\/LLM5XXx8AlY?feature=oembed\" frameborder=\"0\" allow=\"accelerometer; autoplay; clipboard-write; encrypted-media; gyroscope; picture-in-picture; web-share\" referrerpolicy=\"strict-origin-when-cross-origin\" allowfullscreen><\/iframe>\n<\/div><\/figure>\n\n\n\n<figure class=\"wp-block-embed is-type-video is-provider-youtube wp-block-embed-youtube wp-embed-aspect-16-9 wp-has-aspect-ratio\"><div class=\"wp-block-embed__wrapper\">\n<iframe loading=\"lazy\" title=\"Blue by Petra Herotova, 2017\" width=\"580\" height=\"326\" src=\"https:\/\/www.youtube.com\/embed\/zyBfWGjXRtw?feature=oembed\" frameborder=\"0\" allow=\"accelerometer; autoplay; clipboard-write; encrypted-media; gyroscope; picture-in-picture; web-share\" referrerpolicy=\"strict-origin-when-cross-origin\" allowfullscreen><\/iframe>\n<\/div><\/figure>\n","protected":false},"excerpt":{"rendered":"<p>\u010cerven\u00e1, Zelen\u00e1, Modr\u00e1 (T\u0159i v\u011bky \u017eeny), t\u0159\u00edkan\u00e1lov\u00e9 video\/Red, Green, Blue (Three Ages of Woman), three-channel video installation, kamera\/camera: Iveta Dr\u00e1\u017edilov\u00e1, foto\/photo: Jan Mahr<\/p>\n","protected":false},"author":2,"featured_media":0,"parent":0,"menu_order":0,"comment_status":"closed","ping_status":"closed","template":"","meta":{"footnotes":""},"class_list":["post-880","page","type-page","status-publish","hentry"],"_links":{"self":[{"href":"https:\/\/petraherotova.com\/index.php?rest_route=\/wp\/v2\/pages\/880","targetHints":{"allow":["GET"]}}],"collection":[{"href":"https:\/\/petraherotova.com\/index.php?rest_route=\/wp\/v2\/pages"}],"about":[{"href":"https:\/\/petraherotova.com\/index.php?rest_route=\/wp\/v2\/types\/page"}],"author":[{"embeddable":true,"href":"https:\/\/petraherotova.com\/index.php?rest_route=\/wp\/v2\/users\/2"}],"replies":[{"embeddable":true,"href":"https:\/\/petraherotova.com\/index.php?rest_route=%2Fwp%2Fv2%2Fcomments&post=880"}],"version-history":[{"count":1,"href":"https:\/\/petraherotova.com\/index.php?rest_route=\/wp\/v2\/pages\/880\/revisions"}],"predecessor-version":[{"id":1129,"href":"https:\/\/petraherotova.com\/index.php?rest_route=\/wp\/v2\/pages\/880\/revisions\/1129"}],"wp:attachment":[{"href":"https:\/\/petraherotova.com\/index.php?rest_route=%2Fwp%2Fv2%2Fmedia&parent=880"}],"curies":[{"name":"wp","href":"https:\/\/api.w.org\/{rel}","templated":true}]}}