{"id":865,"date":"2020-05-01T15:25:03","date_gmt":"2020-05-01T15:25:03","guid":{"rendered":"http:\/\/34.90.220.16\/?page_id=865"},"modified":"2023-12-17T11:20:27","modified_gmt":"2023-12-17T10:20:27","slug":"fotoaparatka-the-she-camera-2016","status":"publish","type":"page","link":"https:\/\/petraherotova.com\/?page_id=865","title":{"rendered":"Fotoapar\u00e1tka\/The She Camera, 2016"},"content":{"rendered":"\n<p>Fotograf Gallery, Praha, k\/c: Ji\u0159\u00ed Pt\u00e1\u010dek, foto\/photo: Tom\u00e1\u0161 Hr\u016fza<\/p>\n\n\n\n<figure class=\"wp-block-gallery aligncenter has-nested-images columns-1 is-cropped wp-block-gallery-1 is-layout-flex wp-block-gallery-is-layout-flex\">\n<figure class=\"wp-block-image size-large\"><a href=\"http:\/\/petraherotova.com\/wp-content\/uploads\/2020\/05\/IMG_3648.jpg\" data-lbwps-width=\"1500\" data-lbwps-height=\"1000\" data-lbwps-srcsmall=\"https:\/\/petraherotova.com\/wp-content\/uploads\/2020\/05\/IMG_3648-300x200.jpg\"><img loading=\"lazy\" decoding=\"async\" width=\"1024\" height=\"683\" data-id=\"868\" src=\"http:\/\/petraherotova.com\/wp-content\/uploads\/2020\/05\/IMG_3648-1024x683.jpg\" alt=\"\" class=\"wp-image-868\" srcset=\"https:\/\/petraherotova.com\/wp-content\/uploads\/2020\/05\/IMG_3648-1024x683.jpg 1024w, https:\/\/petraherotova.com\/wp-content\/uploads\/2020\/05\/IMG_3648-300x200.jpg 300w, https:\/\/petraherotova.com\/wp-content\/uploads\/2020\/05\/IMG_3648-768x512.jpg 768w, https:\/\/petraherotova.com\/wp-content\/uploads\/2020\/05\/IMG_3648-1200x800.jpg 1200w, https:\/\/petraherotova.com\/wp-content\/uploads\/2020\/05\/IMG_3648.jpg 1500w\" sizes=\"auto, (max-width: 1024px) 100vw, 1024px\" \/><\/a><\/figure>\n\n\n\n<figure class=\"wp-block-image size-large\"><a href=\"http:\/\/petraherotova.com\/wp-content\/uploads\/2020\/05\/IMG_3649.jpg\" data-lbwps-width=\"1500\" data-lbwps-height=\"1000\" data-lbwps-srcsmall=\"https:\/\/petraherotova.com\/wp-content\/uploads\/2020\/05\/IMG_3649-300x200.jpg\"><img loading=\"lazy\" decoding=\"async\" width=\"1024\" height=\"683\" data-id=\"869\" src=\"http:\/\/petraherotova.com\/wp-content\/uploads\/2020\/05\/IMG_3649-1024x683.jpg\" alt=\"\" class=\"wp-image-869\" srcset=\"https:\/\/petraherotova.com\/wp-content\/uploads\/2020\/05\/IMG_3649-1024x683.jpg 1024w, https:\/\/petraherotova.com\/wp-content\/uploads\/2020\/05\/IMG_3649-300x200.jpg 300w, https:\/\/petraherotova.com\/wp-content\/uploads\/2020\/05\/IMG_3649-768x512.jpg 768w, https:\/\/petraherotova.com\/wp-content\/uploads\/2020\/05\/IMG_3649-1200x800.jpg 1200w, https:\/\/petraherotova.com\/wp-content\/uploads\/2020\/05\/IMG_3649.jpg 1500w\" sizes=\"auto, (max-width: 1024px) 100vw, 1024px\" \/><\/a><\/figure>\n\n\n\n<figure class=\"wp-block-image size-large\"><a href=\"http:\/\/petraherotova.com\/wp-content\/uploads\/2020\/05\/IMG_3650.jpg\" data-lbwps-width=\"1500\" data-lbwps-height=\"1000\" data-lbwps-srcsmall=\"https:\/\/petraherotova.com\/wp-content\/uploads\/2020\/05\/IMG_3650-300x200.jpg\"><img loading=\"lazy\" decoding=\"async\" width=\"1024\" height=\"683\" data-id=\"870\" src=\"http:\/\/petraherotova.com\/wp-content\/uploads\/2020\/05\/IMG_3650-1024x683.jpg\" alt=\"\" class=\"wp-image-870\" srcset=\"https:\/\/petraherotova.com\/wp-content\/uploads\/2020\/05\/IMG_3650-1024x683.jpg 1024w, https:\/\/petraherotova.com\/wp-content\/uploads\/2020\/05\/IMG_3650-300x200.jpg 300w, https:\/\/petraherotova.com\/wp-content\/uploads\/2020\/05\/IMG_3650-768x512.jpg 768w, https:\/\/petraherotova.com\/wp-content\/uploads\/2020\/05\/IMG_3650-1200x800.jpg 1200w, https:\/\/petraherotova.com\/wp-content\/uploads\/2020\/05\/IMG_3650.jpg 1500w\" sizes=\"auto, (max-width: 1024px) 100vw, 1024px\" \/><\/a><\/figure>\n\n\n\n<figure class=\"wp-block-image size-large\"><a href=\"http:\/\/petraherotova.com\/wp-content\/uploads\/2020\/05\/IMG_3653.jpg\" data-lbwps-width=\"1500\" data-lbwps-height=\"1000\" data-lbwps-srcsmall=\"https:\/\/petraherotova.com\/wp-content\/uploads\/2020\/05\/IMG_3653-300x200.jpg\"><img loading=\"lazy\" decoding=\"async\" width=\"1024\" height=\"683\" data-id=\"871\" src=\"http:\/\/petraherotova.com\/wp-content\/uploads\/2020\/05\/IMG_3653-1024x683.jpg\" alt=\"\" class=\"wp-image-871\" srcset=\"https:\/\/petraherotova.com\/wp-content\/uploads\/2020\/05\/IMG_3653-1024x683.jpg 1024w, https:\/\/petraherotova.com\/wp-content\/uploads\/2020\/05\/IMG_3653-300x200.jpg 300w, https:\/\/petraherotova.com\/wp-content\/uploads\/2020\/05\/IMG_3653-768x512.jpg 768w, https:\/\/petraherotova.com\/wp-content\/uploads\/2020\/05\/IMG_3653-1200x800.jpg 1200w, https:\/\/petraherotova.com\/wp-content\/uploads\/2020\/05\/IMG_3653.jpg 1500w\" sizes=\"auto, (max-width: 1024px) 100vw, 1024px\" \/><\/a><\/figure>\n\n\n\n<figure class=\"wp-block-image size-large\"><a href=\"http:\/\/petraherotova.com\/wp-content\/uploads\/2020\/05\/IMG_3655.jpg\" data-lbwps-width=\"1500\" data-lbwps-height=\"1000\" data-lbwps-srcsmall=\"https:\/\/petraherotova.com\/wp-content\/uploads\/2020\/05\/IMG_3655-300x200.jpg\"><img loading=\"lazy\" decoding=\"async\" width=\"1024\" height=\"683\" data-id=\"872\" src=\"http:\/\/petraherotova.com\/wp-content\/uploads\/2020\/05\/IMG_3655-1024x683.jpg\" alt=\"\" class=\"wp-image-872\" srcset=\"https:\/\/petraherotova.com\/wp-content\/uploads\/2020\/05\/IMG_3655-1024x683.jpg 1024w, https:\/\/petraherotova.com\/wp-content\/uploads\/2020\/05\/IMG_3655-300x200.jpg 300w, https:\/\/petraherotova.com\/wp-content\/uploads\/2020\/05\/IMG_3655-768x512.jpg 768w, https:\/\/petraherotova.com\/wp-content\/uploads\/2020\/05\/IMG_3655-1200x800.jpg 1200w, https:\/\/petraherotova.com\/wp-content\/uploads\/2020\/05\/IMG_3655.jpg 1500w\" sizes=\"auto, (max-width: 1024px) 100vw, 1024px\" \/><\/a><\/figure>\n\n\n\n<figure class=\"wp-block-image size-large\"><a href=\"http:\/\/petraherotova.com\/wp-content\/uploads\/2020\/05\/IMG_3658.jpg\" data-lbwps-width=\"1500\" data-lbwps-height=\"1000\" data-lbwps-srcsmall=\"https:\/\/petraherotova.com\/wp-content\/uploads\/2020\/05\/IMG_3658-300x200.jpg\"><img loading=\"lazy\" decoding=\"async\" width=\"1024\" height=\"683\" data-id=\"873\" src=\"http:\/\/petraherotova.com\/wp-content\/uploads\/2020\/05\/IMG_3658-1024x683.jpg\" alt=\"\" class=\"wp-image-873\" srcset=\"https:\/\/petraherotova.com\/wp-content\/uploads\/2020\/05\/IMG_3658-1024x683.jpg 1024w, https:\/\/petraherotova.com\/wp-content\/uploads\/2020\/05\/IMG_3658-300x200.jpg 300w, https:\/\/petraherotova.com\/wp-content\/uploads\/2020\/05\/IMG_3658-768x512.jpg 768w, https:\/\/petraherotova.com\/wp-content\/uploads\/2020\/05\/IMG_3658-1200x800.jpg 1200w, https:\/\/petraherotova.com\/wp-content\/uploads\/2020\/05\/IMG_3658.jpg 1500w\" sizes=\"auto, (max-width: 1024px) 100vw, 1024px\" \/><\/a><\/figure>\n\n\n\n<figure class=\"wp-block-image size-large\"><a href=\"http:\/\/petraherotova.com\/wp-content\/uploads\/2020\/05\/IMG_3659.jpg\" data-lbwps-width=\"1500\" data-lbwps-height=\"1000\" data-lbwps-srcsmall=\"https:\/\/petraherotova.com\/wp-content\/uploads\/2020\/05\/IMG_3659-300x200.jpg\"><img loading=\"lazy\" decoding=\"async\" width=\"1024\" height=\"683\" data-id=\"874\" src=\"http:\/\/petraherotova.com\/wp-content\/uploads\/2020\/05\/IMG_3659-1024x683.jpg\" alt=\"\" class=\"wp-image-874\" srcset=\"https:\/\/petraherotova.com\/wp-content\/uploads\/2020\/05\/IMG_3659-1024x683.jpg 1024w, https:\/\/petraherotova.com\/wp-content\/uploads\/2020\/05\/IMG_3659-300x200.jpg 300w, https:\/\/petraherotova.com\/wp-content\/uploads\/2020\/05\/IMG_3659-768x512.jpg 768w, https:\/\/petraherotova.com\/wp-content\/uploads\/2020\/05\/IMG_3659-1200x800.jpg 1200w, https:\/\/petraherotova.com\/wp-content\/uploads\/2020\/05\/IMG_3659.jpg 1500w\" sizes=\"auto, (max-width: 1024px) 100vw, 1024px\" \/><\/a><\/figure>\n\n\n\n<figure class=\"wp-block-image size-large\"><a href=\"http:\/\/petraherotova.com\/wp-content\/uploads\/2020\/05\/IMG_3660.jpg\" data-lbwps-width=\"1500\" data-lbwps-height=\"1000\" data-lbwps-srcsmall=\"https:\/\/petraherotova.com\/wp-content\/uploads\/2020\/05\/IMG_3660-300x200.jpg\"><img loading=\"lazy\" decoding=\"async\" width=\"1024\" height=\"683\" data-id=\"875\" src=\"http:\/\/petraherotova.com\/wp-content\/uploads\/2020\/05\/IMG_3660-1024x683.jpg\" alt=\"\" class=\"wp-image-875\" srcset=\"https:\/\/petraherotova.com\/wp-content\/uploads\/2020\/05\/IMG_3660-1024x683.jpg 1024w, https:\/\/petraherotova.com\/wp-content\/uploads\/2020\/05\/IMG_3660-300x200.jpg 300w, https:\/\/petraherotova.com\/wp-content\/uploads\/2020\/05\/IMG_3660-768x512.jpg 768w, https:\/\/petraherotova.com\/wp-content\/uploads\/2020\/05\/IMG_3660-1200x800.jpg 1200w, https:\/\/petraherotova.com\/wp-content\/uploads\/2020\/05\/IMG_3660.jpg 1500w\" sizes=\"auto, (max-width: 1024px) 100vw, 1024px\" \/><\/a><\/figure>\n\n\n\n<figure class=\"wp-block-image size-large\"><a href=\"http:\/\/petraherotova.com\/wp-content\/uploads\/2020\/05\/IMG_3662.jpg\" data-lbwps-width=\"1500\" data-lbwps-height=\"1000\" data-lbwps-srcsmall=\"https:\/\/petraherotova.com\/wp-content\/uploads\/2020\/05\/IMG_3662-300x200.jpg\"><img loading=\"lazy\" decoding=\"async\" width=\"1024\" height=\"683\" data-id=\"876\" src=\"http:\/\/petraherotova.com\/wp-content\/uploads\/2020\/05\/IMG_3662-1024x683.jpg\" alt=\"\" class=\"wp-image-876\" srcset=\"https:\/\/petraherotova.com\/wp-content\/uploads\/2020\/05\/IMG_3662-1024x683.jpg 1024w, https:\/\/petraherotova.com\/wp-content\/uploads\/2020\/05\/IMG_3662-300x200.jpg 300w, https:\/\/petraherotova.com\/wp-content\/uploads\/2020\/05\/IMG_3662-768x512.jpg 768w, https:\/\/petraherotova.com\/wp-content\/uploads\/2020\/05\/IMG_3662-1200x800.jpg 1200w, https:\/\/petraherotova.com\/wp-content\/uploads\/2020\/05\/IMG_3662.jpg 1500w\" sizes=\"auto, (max-width: 1024px) 100vw, 1024px\" \/><\/a><\/figure>\n<\/figure>\n","protected":false},"excerpt":{"rendered":"<p>Fotograf Gallery, Praha, k\/c: Ji\u0159\u00ed Pt\u00e1\u010dek, foto\/photo: Tom\u00e1\u0161 Hr\u016fza<\/p>\n","protected":false},"author":2,"featured_media":0,"parent":0,"menu_order":0,"comment_status":"closed","ping_status":"closed","template":"","meta":{"footnotes":""},"class_list":["post-865","page","type-page","status-publish","hentry"],"_links":{"self":[{"href":"https:\/\/petraherotova.com\/index.php?rest_route=\/wp\/v2\/pages\/865","targetHints":{"allow":["GET"]}}],"collection":[{"href":"https:\/\/petraherotova.com\/index.php?rest_route=\/wp\/v2\/pages"}],"about":[{"href":"https:\/\/petraherotova.com\/index.php?rest_route=\/wp\/v2\/types\/page"}],"author":[{"embeddable":true,"href":"https:\/\/petraherotova.com\/index.php?rest_route=\/wp\/v2\/users\/2"}],"replies":[{"embeddable":true,"href":"https:\/\/petraherotova.com\/index.php?rest_route=%2Fwp%2Fv2%2Fcomments&post=865"}],"version-history":[{"count":1,"href":"https:\/\/petraherotova.com\/index.php?rest_route=\/wp\/v2\/pages\/865\/revisions"}],"predecessor-version":[{"id":1120,"href":"https:\/\/petraherotova.com\/index.php?rest_route=\/wp\/v2\/pages\/865\/revisions\/1120"}],"wp:attachment":[{"href":"https:\/\/petraherotova.com\/index.php?rest_route=%2Fwp%2Fv2%2Fmedia&parent=865"}],"curies":[{"name":"wp","href":"https:\/\/api.w.org\/{rel}","templated":true}]}}