{"id":757,"date":"2020-04-05T09:05:07","date_gmt":"2020-04-05T09:05:07","guid":{"rendered":"http:\/\/34.90.220.16\/?page_id=757"},"modified":"2023-12-17T11:18:57","modified_gmt":"2023-12-17T10:18:57","slug":"bis-bald-2014","status":"publish","type":"page","link":"https:\/\/petraherotova.com\/?page_id=757","title":{"rendered":"Bis bald!, 2014"},"content":{"rendered":"\n<p>Kunstmuseum Bonn, foto\/photo: Reni Hansen<\/p>\n\n\n\n<figure class=\"wp-block-gallery aligncenter has-nested-images columns-1 is-cropped wp-block-gallery-1 is-layout-flex wp-block-gallery-is-layout-flex\">\n<figure class=\"wp-block-image\"><a href=\"http:\/\/petraherotova.com\/wp-content\/uploads\/2020\/04\/00.jpg\" data-lbwps-width=\"1024\" data-lbwps-height=\"730\" data-lbwps-srcsmall=\"https:\/\/petraherotova.com\/wp-content\/uploads\/2020\/04\/00-300x214.jpg\"><img loading=\"lazy\" decoding=\"async\" width=\"1024\" height=\"730\" data-id=\"762\" src=\"http:\/\/petraherotova.com\/wp-content\/uploads\/2020\/04\/00.jpg\" alt=\"\" class=\"wp-image-762\" srcset=\"https:\/\/petraherotova.com\/wp-content\/uploads\/2020\/04\/00.jpg 1024w, https:\/\/petraherotova.com\/wp-content\/uploads\/2020\/04\/00-300x214.jpg 300w, https:\/\/petraherotova.com\/wp-content\/uploads\/2020\/04\/00-768x548.jpg 768w\" sizes=\"auto, (max-width: 1024px) 100vw, 1024px\" \/><\/a><\/figure>\n\n\n\n<figure class=\"wp-block-image\"><a href=\"http:\/\/petraherotova.com\/wp-content\/uploads\/2020\/04\/01-1.jpg\" data-lbwps-width=\"848\" data-lbwps-height=\"565\" data-lbwps-srcsmall=\"https:\/\/petraherotova.com\/wp-content\/uploads\/2020\/04\/01-1-300x200.jpg\"><img loading=\"lazy\" decoding=\"async\" width=\"848\" height=\"565\" data-id=\"763\" src=\"http:\/\/petraherotova.com\/wp-content\/uploads\/2020\/04\/01-1.jpg\" alt=\"\" class=\"wp-image-763\" srcset=\"https:\/\/petraherotova.com\/wp-content\/uploads\/2020\/04\/01-1.jpg 848w, https:\/\/petraherotova.com\/wp-content\/uploads\/2020\/04\/01-1-300x200.jpg 300w, https:\/\/petraherotova.com\/wp-content\/uploads\/2020\/04\/01-1-768x512.jpg 768w\" sizes=\"auto, (max-width: 848px) 100vw, 848px\" \/><\/a><\/figure>\n\n\n\n<figure class=\"wp-block-image\"><a href=\"http:\/\/petraherotova.com\/wp-content\/uploads\/2020\/04\/02-1.jpg\" data-lbwps-width=\"1024\" data-lbwps-height=\"558\" data-lbwps-srcsmall=\"https:\/\/petraherotova.com\/wp-content\/uploads\/2020\/04\/02-1-300x163.jpg\"><img loading=\"lazy\" decoding=\"async\" width=\"1024\" height=\"558\" data-id=\"764\" src=\"http:\/\/petraherotova.com\/wp-content\/uploads\/2020\/04\/02-1.jpg\" alt=\"\" class=\"wp-image-764\" srcset=\"https:\/\/petraherotova.com\/wp-content\/uploads\/2020\/04\/02-1.jpg 1024w, https:\/\/petraherotova.com\/wp-content\/uploads\/2020\/04\/02-1-300x163.jpg 300w, https:\/\/petraherotova.com\/wp-content\/uploads\/2020\/04\/02-1-768x419.jpg 768w\" sizes=\"auto, (max-width: 1024px) 100vw, 1024px\" \/><\/a><\/figure>\n\n\n\n<figure class=\"wp-block-image\"><a href=\"http:\/\/petraherotova.com\/wp-content\/uploads\/2020\/04\/04-1.jpg\" data-lbwps-width=\"914\" data-lbwps-height=\"565\" data-lbwps-srcsmall=\"https:\/\/petraherotova.com\/wp-content\/uploads\/2020\/04\/04-1-300x185.jpg\"><img loading=\"lazy\" decoding=\"async\" width=\"914\" height=\"565\" data-id=\"765\" src=\"http:\/\/petraherotova.com\/wp-content\/uploads\/2020\/04\/04-1.jpg\" alt=\"\" class=\"wp-image-765\" srcset=\"https:\/\/petraherotova.com\/wp-content\/uploads\/2020\/04\/04-1.jpg 914w, https:\/\/petraherotova.com\/wp-content\/uploads\/2020\/04\/04-1-300x185.jpg 300w, https:\/\/petraherotova.com\/wp-content\/uploads\/2020\/04\/04-1-768x475.jpg 768w\" sizes=\"auto, (max-width: 914px) 100vw, 914px\" \/><\/a><\/figure>\n\n\n\n<figure class=\"wp-block-image\"><a href=\"http:\/\/petraherotova.com\/wp-content\/uploads\/2020\/04\/05.jpg\" data-lbwps-width=\"1024\" data-lbwps-height=\"752\" data-lbwps-srcsmall=\"https:\/\/petraherotova.com\/wp-content\/uploads\/2020\/04\/05-300x220.jpg\"><img loading=\"lazy\" decoding=\"async\" width=\"1024\" height=\"752\" data-id=\"766\" src=\"http:\/\/petraherotova.com\/wp-content\/uploads\/2020\/04\/05.jpg\" alt=\"\" class=\"wp-image-766\" srcset=\"https:\/\/petraherotova.com\/wp-content\/uploads\/2020\/04\/05.jpg 1024w, https:\/\/petraherotova.com\/wp-content\/uploads\/2020\/04\/05-300x220.jpg 300w, https:\/\/petraherotova.com\/wp-content\/uploads\/2020\/04\/05-768x564.jpg 768w\" sizes=\"auto, (max-width: 1024px) 100vw, 1024px\" \/><\/a><\/figure>\n\n\n\n<figure class=\"wp-block-image\"><a href=\"http:\/\/petraherotova.com\/wp-content\/uploads\/2020\/04\/05b.jpg\" data-lbwps-width=\"1024\" data-lbwps-height=\"605\" data-lbwps-srcsmall=\"https:\/\/petraherotova.com\/wp-content\/uploads\/2020\/04\/05b-300x177.jpg\"><img loading=\"lazy\" decoding=\"async\" width=\"1024\" height=\"605\" data-id=\"767\" src=\"http:\/\/petraherotova.com\/wp-content\/uploads\/2020\/04\/05b.jpg\" alt=\"\" class=\"wp-image-767\" srcset=\"https:\/\/petraherotova.com\/wp-content\/uploads\/2020\/04\/05b.jpg 1024w, https:\/\/petraherotova.com\/wp-content\/uploads\/2020\/04\/05b-300x177.jpg 300w, https:\/\/petraherotova.com\/wp-content\/uploads\/2020\/04\/05b-768x454.jpg 768w\" sizes=\"auto, (max-width: 1024px) 100vw, 1024px\" \/><\/a><\/figure>\n\n\n\n<figure class=\"wp-block-image\"><a href=\"http:\/\/petraherotova.com\/wp-content\/uploads\/2020\/04\/06.jpg\" data-lbwps-width=\"1024\" data-lbwps-height=\"609\" data-lbwps-srcsmall=\"https:\/\/petraherotova.com\/wp-content\/uploads\/2020\/04\/06-300x178.jpg\"><img loading=\"lazy\" decoding=\"async\" width=\"1024\" height=\"609\" data-id=\"768\" src=\"http:\/\/petraherotova.com\/wp-content\/uploads\/2020\/04\/06.jpg\" alt=\"\" class=\"wp-image-768\" srcset=\"https:\/\/petraherotova.com\/wp-content\/uploads\/2020\/04\/06.jpg 1024w, https:\/\/petraherotova.com\/wp-content\/uploads\/2020\/04\/06-300x178.jpg 300w, https:\/\/petraherotova.com\/wp-content\/uploads\/2020\/04\/06-768x457.jpg 768w\" sizes=\"auto, (max-width: 1024px) 100vw, 1024px\" \/><\/a><\/figure>\n\n\n\n<figure class=\"wp-block-image\"><a href=\"http:\/\/petraherotova.com\/wp-content\/uploads\/2020\/04\/07.jpg\" data-lbwps-width=\"718\" data-lbwps-height=\"565\" data-lbwps-srcsmall=\"https:\/\/petraherotova.com\/wp-content\/uploads\/2020\/04\/07-300x236.jpg\"><img loading=\"lazy\" decoding=\"async\" width=\"718\" height=\"565\" data-id=\"769\" src=\"http:\/\/petraherotova.com\/wp-content\/uploads\/2020\/04\/07.jpg\" alt=\"\" class=\"wp-image-769\" srcset=\"https:\/\/petraherotova.com\/wp-content\/uploads\/2020\/04\/07.jpg 718w, https:\/\/petraherotova.com\/wp-content\/uploads\/2020\/04\/07-300x236.jpg 300w\" sizes=\"auto, (max-width: 718px) 100vw, 718px\" \/><\/a><\/figure>\n\n\n\n<figure class=\"wp-block-image\"><a href=\"http:\/\/petraherotova.com\/wp-content\/uploads\/2020\/04\/08.jpg\" data-lbwps-width=\"1024\" data-lbwps-height=\"768\" data-lbwps-srcsmall=\"https:\/\/petraherotova.com\/wp-content\/uploads\/2020\/04\/08-300x225.jpg\"><img loading=\"lazy\" decoding=\"async\" width=\"1024\" height=\"768\" data-id=\"770\" src=\"http:\/\/petraherotova.com\/wp-content\/uploads\/2020\/04\/08.jpg\" alt=\"\" class=\"wp-image-770\" srcset=\"https:\/\/petraherotova.com\/wp-content\/uploads\/2020\/04\/08.jpg 1024w, https:\/\/petraherotova.com\/wp-content\/uploads\/2020\/04\/08-300x225.jpg 300w, https:\/\/petraherotova.com\/wp-content\/uploads\/2020\/04\/08-768x576.jpg 768w\" sizes=\"auto, (max-width: 1024px) 100vw, 1024px\" \/><\/a><\/figure>\n\n\n\n<figure class=\"wp-block-image\"><a href=\"http:\/\/petraherotova.com\/wp-content\/uploads\/2020\/04\/08b.jpg\" data-lbwps-width=\"654\" data-lbwps-height=\"1024\" data-lbwps-srcsmall=\"https:\/\/petraherotova.com\/wp-content\/uploads\/2020\/04\/08b-192x300.jpg\"><img loading=\"lazy\" decoding=\"async\" width=\"654\" height=\"1024\" data-id=\"771\" src=\"http:\/\/petraherotova.com\/wp-content\/uploads\/2020\/04\/08b.jpg\" alt=\"\" class=\"wp-image-771\" srcset=\"https:\/\/petraherotova.com\/wp-content\/uploads\/2020\/04\/08b.jpg 654w, https:\/\/petraherotova.com\/wp-content\/uploads\/2020\/04\/08b-192x300.jpg 192w\" sizes=\"auto, (max-width: 654px) 100vw, 654px\" \/><\/a><\/figure>\n\n\n\n<figure class=\"wp-block-image\"><a href=\"http:\/\/petraherotova.com\/wp-content\/uploads\/2020\/04\/09.jpg\" data-lbwps-width=\"735\" data-lbwps-height=\"850\" data-lbwps-srcsmall=\"https:\/\/petraherotova.com\/wp-content\/uploads\/2020\/04\/09-259x300.jpg\"><img loading=\"lazy\" decoding=\"async\" width=\"735\" height=\"850\" data-id=\"772\" src=\"http:\/\/petraherotova.com\/wp-content\/uploads\/2020\/04\/09.jpg\" alt=\"\" class=\"wp-image-772\" srcset=\"https:\/\/petraherotova.com\/wp-content\/uploads\/2020\/04\/09.jpg 735w, https:\/\/petraherotova.com\/wp-content\/uploads\/2020\/04\/09-259x300.jpg 259w\" sizes=\"auto, (max-width: 735px) 100vw, 735px\" \/><\/a><figcaption class=\"wp-element-caption\">v pop\u0159ed\u00ed instalace Evy Ko\u0165\u00e1tkov\u00e9<\/figcaption><\/figure>\n<\/figure>\n","protected":false},"excerpt":{"rendered":"<p>Kunstmuseum Bonn, foto\/photo: Reni Hansen<\/p>\n","protected":false},"author":2,"featured_media":0,"parent":0,"menu_order":0,"comment_status":"closed","ping_status":"closed","template":"","meta":{"footnotes":""},"class_list":["post-757","page","type-page","status-publish","hentry"],"_links":{"self":[{"href":"https:\/\/petraherotova.com\/index.php?rest_route=\/wp\/v2\/pages\/757","targetHints":{"allow":["GET"]}}],"collection":[{"href":"https:\/\/petraherotova.com\/index.php?rest_route=\/wp\/v2\/pages"}],"about":[{"href":"https:\/\/petraherotova.com\/index.php?rest_route=\/wp\/v2\/types\/page"}],"author":[{"embeddable":true,"href":"https:\/\/petraherotova.com\/index.php?rest_route=\/wp\/v2\/users\/2"}],"replies":[{"embeddable":true,"href":"https:\/\/petraherotova.com\/index.php?rest_route=%2Fwp%2Fv2%2Fcomments&post=757"}],"version-history":[{"count":1,"href":"https:\/\/petraherotova.com\/index.php?rest_route=\/wp\/v2\/pages\/757\/revisions"}],"predecessor-version":[{"id":1118,"href":"https:\/\/petraherotova.com\/index.php?rest_route=\/wp\/v2\/pages\/757\/revisions\/1118"}],"wp:attachment":[{"href":"https:\/\/petraherotova.com\/index.php?rest_route=%2Fwp%2Fv2%2Fmedia&parent=757"}],"curies":[{"name":"wp","href":"https:\/\/api.w.org\/{rel}","templated":true}]}}