{"id":738,"date":"2020-04-04T20:23:30","date_gmt":"2020-04-04T20:23:30","guid":{"rendered":"http:\/\/34.90.220.16\/?page_id=738"},"modified":"2023-12-17T11:19:10","modified_gmt":"2023-12-17T10:19:10","slug":"cmyk-2012-14","status":"publish","type":"page","link":"https:\/\/petraherotova.com\/?page_id=738","title":{"rendered":"CMYK+G, 2012-14"},"content":{"rendered":"\n<p>tu\u0161 na pap\u00ed\u0159e\/ink on paper, 65&#215;50 cm, foto\/photo: Jan Mahr<\/p>\n\n\n\n<figure class=\"wp-block-gallery aligncenter has-nested-images columns-2 is-cropped wp-block-gallery-1 is-layout-flex wp-block-gallery-is-layout-flex\">\n<figure class=\"wp-block-image\"><a href=\"http:\/\/petraherotova.com\/wp-content\/uploads\/2020\/04\/herotova_obr_01kop.jpg\" data-lbwps-width=\"791\" data-lbwps-height=\"1024\" data-lbwps-srcsmall=\"https:\/\/petraherotova.com\/wp-content\/uploads\/2020\/04\/herotova_obr_01kop-232x300.jpg\"><img loading=\"lazy\" decoding=\"async\" width=\"791\" height=\"1024\" data-id=\"741\" src=\"http:\/\/petraherotova.com\/wp-content\/uploads\/2020\/04\/herotova_obr_01kop.jpg\" alt=\"\" class=\"wp-image-741\" srcset=\"https:\/\/petraherotova.com\/wp-content\/uploads\/2020\/04\/herotova_obr_01kop.jpg 791w, https:\/\/petraherotova.com\/wp-content\/uploads\/2020\/04\/herotova_obr_01kop-232x300.jpg 232w, https:\/\/petraherotova.com\/wp-content\/uploads\/2020\/04\/herotova_obr_01kop-768x994.jpg 768w\" sizes=\"auto, (max-width: 791px) 100vw, 791px\" \/><\/a><figcaption class=\"wp-element-caption\">C: St\u00e1\u0159\u00ed\/Age<\/figcaption><\/figure>\n\n\n\n<figure class=\"wp-block-image\"><a href=\"http:\/\/petraherotova.com\/wp-content\/uploads\/2020\/04\/herotova_obr_02kop.jpg\" data-lbwps-width=\"781\" data-lbwps-height=\"1024\" data-lbwps-srcsmall=\"https:\/\/petraherotova.com\/wp-content\/uploads\/2020\/04\/herotova_obr_02kop-229x300.jpg\"><img loading=\"lazy\" decoding=\"async\" width=\"781\" height=\"1024\" data-id=\"742\" src=\"http:\/\/petraherotova.com\/wp-content\/uploads\/2020\/04\/herotova_obr_02kop.jpg\" alt=\"\" class=\"wp-image-742\" srcset=\"https:\/\/petraherotova.com\/wp-content\/uploads\/2020\/04\/herotova_obr_02kop.jpg 781w, https:\/\/petraherotova.com\/wp-content\/uploads\/2020\/04\/herotova_obr_02kop-229x300.jpg 229w, https:\/\/petraherotova.com\/wp-content\/uploads\/2020\/04\/herotova_obr_02kop-768x1007.jpg 768w\" sizes=\"auto, (max-width: 781px) 100vw, 781px\" \/><\/a><figcaption class=\"wp-element-caption\">C: Ml\u00e1d\u00ed\/Youth<\/figcaption><\/figure>\n\n\n\n<figure class=\"wp-block-image\"><a href=\"http:\/\/petraherotova.com\/wp-content\/uploads\/2020\/04\/19kop.jpg\" data-lbwps-width=\"905\" data-lbwps-height=\"1204\" data-lbwps-srcsmall=\"https:\/\/petraherotova.com\/wp-content\/uploads\/2020\/04\/19kop-225x300.jpg\"><img loading=\"lazy\" decoding=\"async\" width=\"770\" height=\"1024\" data-id=\"743\" src=\"http:\/\/petraherotova.com\/wp-content\/uploads\/2020\/04\/19kop-770x1024.jpg\" alt=\"\" class=\"wp-image-743\" srcset=\"https:\/\/petraherotova.com\/wp-content\/uploads\/2020\/04\/19kop-770x1024.jpg 770w, https:\/\/petraherotova.com\/wp-content\/uploads\/2020\/04\/19kop-225x300.jpg 225w, https:\/\/petraherotova.com\/wp-content\/uploads\/2020\/04\/19kop-768x1022.jpg 768w, https:\/\/petraherotova.com\/wp-content\/uploads\/2020\/04\/19kop.jpg 905w\" sizes=\"auto, (max-width: 770px) 100vw, 770px\" \/><\/a><figcaption class=\"wp-element-caption\">M: \u0158\u00e1d\/Order<\/figcaption><\/figure>\n\n\n\n<figure class=\"wp-block-image\"><a href=\"http:\/\/petraherotova.com\/wp-content\/uploads\/2020\/04\/20ko.jpg\" data-lbwps-width=\"774\" data-lbwps-height=\"1024\" data-lbwps-srcsmall=\"https:\/\/petraherotova.com\/wp-content\/uploads\/2020\/04\/20ko-227x300.jpg\"><img loading=\"lazy\" decoding=\"async\" width=\"774\" height=\"1024\" data-id=\"744\" src=\"http:\/\/petraherotova.com\/wp-content\/uploads\/2020\/04\/20ko.jpg\" alt=\"\" class=\"wp-image-744\" srcset=\"https:\/\/petraherotova.com\/wp-content\/uploads\/2020\/04\/20ko.jpg 774w, https:\/\/petraherotova.com\/wp-content\/uploads\/2020\/04\/20ko-227x300.jpg 227w, https:\/\/petraherotova.com\/wp-content\/uploads\/2020\/04\/20ko-768x1016.jpg 768w\" sizes=\"auto, (max-width: 774px) 100vw, 774px\" \/><\/a><figcaption class=\"wp-element-caption\">M: Chaos<\/figcaption><\/figure>\n\n\n\n<figure class=\"wp-block-image\"><a href=\"http:\/\/petraherotova.com\/wp-content\/uploads\/2020\/04\/herotova_obr_07kop.jpg\" data-lbwps-width=\"798\" data-lbwps-height=\"1024\" data-lbwps-srcsmall=\"https:\/\/petraherotova.com\/wp-content\/uploads\/2020\/04\/herotova_obr_07kop-234x300.jpg\"><img loading=\"lazy\" decoding=\"async\" width=\"798\" height=\"1024\" data-id=\"745\" src=\"http:\/\/petraherotova.com\/wp-content\/uploads\/2020\/04\/herotova_obr_07kop.jpg\" alt=\"\" class=\"wp-image-745\" srcset=\"https:\/\/petraherotova.com\/wp-content\/uploads\/2020\/04\/herotova_obr_07kop.jpg 798w, https:\/\/petraherotova.com\/wp-content\/uploads\/2020\/04\/herotova_obr_07kop-234x300.jpg 234w, https:\/\/petraherotova.com\/wp-content\/uploads\/2020\/04\/herotova_obr_07kop-768x986.jpg 768w\" sizes=\"auto, (max-width: 798px) 100vw, 798px\" \/><\/a><figcaption class=\"wp-element-caption\">Y: Lenost\/Indolence<\/figcaption><\/figure>\n\n\n\n<figure class=\"wp-block-image\"><a href=\"http:\/\/petraherotova.com\/wp-content\/uploads\/2020\/04\/herotova_obr_08kop.jpg\" data-lbwps-width=\"787\" data-lbwps-height=\"1024\" data-lbwps-srcsmall=\"https:\/\/petraherotova.com\/wp-content\/uploads\/2020\/04\/herotova_obr_08kop-231x300.jpg\"><img loading=\"lazy\" decoding=\"async\" width=\"787\" height=\"1024\" data-id=\"746\" src=\"http:\/\/petraherotova.com\/wp-content\/uploads\/2020\/04\/herotova_obr_08kop.jpg\" alt=\"\" class=\"wp-image-746\" srcset=\"https:\/\/petraherotova.com\/wp-content\/uploads\/2020\/04\/herotova_obr_08kop.jpg 787w, https:\/\/petraherotova.com\/wp-content\/uploads\/2020\/04\/herotova_obr_08kop-231x300.jpg 231w, https:\/\/petraherotova.com\/wp-content\/uploads\/2020\/04\/herotova_obr_08kop-768x999.jpg 768w\" sizes=\"auto, (max-width: 787px) 100vw, 787px\" \/><\/a><figcaption class=\"wp-element-caption\">Y: P\u00edle\/Diligence<\/figcaption><\/figure>\n\n\n\n<figure class=\"wp-block-image\"><a href=\"http:\/\/petraherotova.com\/wp-content\/uploads\/2020\/04\/herotova_obr_05kop.jpg\" data-lbwps-width=\"784\" data-lbwps-height=\"1024\" data-lbwps-srcsmall=\"https:\/\/petraherotova.com\/wp-content\/uploads\/2020\/04\/herotova_obr_05kop-230x300.jpg\"><img loading=\"lazy\" decoding=\"async\" width=\"784\" height=\"1024\" data-id=\"747\" src=\"http:\/\/petraherotova.com\/wp-content\/uploads\/2020\/04\/herotova_obr_05kop.jpg\" alt=\"\" class=\"wp-image-747\" srcset=\"https:\/\/petraherotova.com\/wp-content\/uploads\/2020\/04\/herotova_obr_05kop.jpg 784w, https:\/\/petraherotova.com\/wp-content\/uploads\/2020\/04\/herotova_obr_05kop-230x300.jpg 230w, https:\/\/petraherotova.com\/wp-content\/uploads\/2020\/04\/herotova_obr_05kop-768x1003.jpg 768w\" sizes=\"auto, (max-width: 784px) 100vw, 784px\" \/><\/a><figcaption class=\"wp-element-caption\">K: \u017d\u00e1k\/Pupil<\/figcaption><\/figure>\n\n\n\n<figure class=\"wp-block-image\"><a href=\"http:\/\/petraherotova.com\/wp-content\/uploads\/2020\/04\/herotova_obr_06kop.jpg\" data-lbwps-width=\"797\" data-lbwps-height=\"1024\" data-lbwps-srcsmall=\"https:\/\/petraherotova.com\/wp-content\/uploads\/2020\/04\/herotova_obr_06kop-233x300.jpg\"><img loading=\"lazy\" decoding=\"async\" width=\"797\" height=\"1024\" data-id=\"748\" src=\"http:\/\/petraherotova.com\/wp-content\/uploads\/2020\/04\/herotova_obr_06kop.jpg\" alt=\"\" class=\"wp-image-748\" srcset=\"https:\/\/petraherotova.com\/wp-content\/uploads\/2020\/04\/herotova_obr_06kop.jpg 797w, https:\/\/petraherotova.com\/wp-content\/uploads\/2020\/04\/herotova_obr_06kop-233x300.jpg 233w, https:\/\/petraherotova.com\/wp-content\/uploads\/2020\/04\/herotova_obr_06kop-768x987.jpg 768w\" sizes=\"auto, (max-width: 797px) 100vw, 797px\" \/><\/a><figcaption class=\"wp-element-caption\">K: U\u010ditelka\/Teacher<\/figcaption><\/figure>\n\n\n\n<figure class=\"wp-block-image\"><a href=\"http:\/\/petraherotova.com\/wp-content\/uploads\/2020\/04\/herotova_obr_03kop.jpg\" data-lbwps-width=\"789\" data-lbwps-height=\"1024\" data-lbwps-srcsmall=\"https:\/\/petraherotova.com\/wp-content\/uploads\/2020\/04\/herotova_obr_03kop-231x300.jpg\"><img loading=\"lazy\" decoding=\"async\" width=\"789\" height=\"1024\" data-id=\"750\" src=\"http:\/\/petraherotova.com\/wp-content\/uploads\/2020\/04\/herotova_obr_03kop.jpg\" alt=\"\" class=\"wp-image-750\" srcset=\"https:\/\/petraherotova.com\/wp-content\/uploads\/2020\/04\/herotova_obr_03kop.jpg 789w, https:\/\/petraherotova.com\/wp-content\/uploads\/2020\/04\/herotova_obr_03kop-231x300.jpg 231w, https:\/\/petraherotova.com\/wp-content\/uploads\/2020\/04\/herotova_obr_03kop-768x997.jpg 768w\" sizes=\"auto, (max-width: 789px) 100vw, 789px\" \/><\/a><figcaption class=\"wp-element-caption\">G: Pr\u016fmysl\/Industry<\/figcaption><\/figure>\n\n\n\n<figure class=\"wp-block-image\"><a href=\"http:\/\/petraherotova.com\/wp-content\/uploads\/2020\/04\/herotova_obr_04kop.jpg\" data-lbwps-width=\"804\" data-lbwps-height=\"1024\" data-lbwps-srcsmall=\"https:\/\/petraherotova.com\/wp-content\/uploads\/2020\/04\/herotova_obr_04kop-236x300.jpg\"><img loading=\"lazy\" decoding=\"async\" width=\"804\" height=\"1024\" data-id=\"751\" src=\"http:\/\/petraherotova.com\/wp-content\/uploads\/2020\/04\/herotova_obr_04kop.jpg\" alt=\"\" class=\"wp-image-751\" srcset=\"https:\/\/petraherotova.com\/wp-content\/uploads\/2020\/04\/herotova_obr_04kop.jpg 804w, https:\/\/petraherotova.com\/wp-content\/uploads\/2020\/04\/herotova_obr_04kop-236x300.jpg 236w, https:\/\/petraherotova.com\/wp-content\/uploads\/2020\/04\/herotova_obr_04kop-768x978.jpg 768w\" sizes=\"auto, (max-width: 804px) 100vw, 804px\" \/><\/a><figcaption class=\"wp-element-caption\">G: Um\u011bn\u00ed\/Art<\/figcaption><\/figure>\n<\/figure>\n","protected":false},"excerpt":{"rendered":"<p>tu\u0161 na pap\u00ed\u0159e\/ink on paper, 65&#215;50 cm, foto\/photo: Jan Mahr<\/p>\n","protected":false},"author":2,"featured_media":0,"parent":0,"menu_order":0,"comment_status":"closed","ping_status":"closed","template":"","meta":{"footnotes":""},"class_list":["post-738","page","type-page","status-publish","hentry"],"_links":{"self":[{"href":"https:\/\/petraherotova.com\/index.php?rest_route=\/wp\/v2\/pages\/738","targetHints":{"allow":["GET"]}}],"collection":[{"href":"https:\/\/petraherotova.com\/index.php?rest_route=\/wp\/v2\/pages"}],"about":[{"href":"https:\/\/petraherotova.com\/index.php?rest_route=\/wp\/v2\/types\/page"}],"author":[{"embeddable":true,"href":"https:\/\/petraherotova.com\/index.php?rest_route=\/wp\/v2\/users\/2"}],"replies":[{"embeddable":true,"href":"https:\/\/petraherotova.com\/index.php?rest_route=%2Fwp%2Fv2%2Fcomments&post=738"}],"version-history":[{"count":1,"href":"https:\/\/petraherotova.com\/index.php?rest_route=\/wp\/v2\/pages\/738\/revisions"}],"predecessor-version":[{"id":1119,"href":"https:\/\/petraherotova.com\/index.php?rest_route=\/wp\/v2\/pages\/738\/revisions\/1119"}],"wp:attachment":[{"href":"https:\/\/petraherotova.com\/index.php?rest_route=%2Fwp%2Fv2%2Fmedia&parent=738"}],"curies":[{"name":"wp","href":"https:\/\/api.w.org\/{rel}","templated":true}]}}