{"id":709,"date":"2020-04-04T19:16:17","date_gmt":"2020-04-04T19:16:17","guid":{"rendered":"http:\/\/34.90.220.16\/?page_id=709"},"modified":"2023-12-17T11:21:38","modified_gmt":"2023-12-17T10:21:38","slug":"neco-tady-nehraje-something-is-not-working-here-2012","status":"publish","type":"page","link":"https:\/\/petraherotova.com\/?page_id=709","title":{"rendered":"N\u011bco tady nehraje\/Something Is Not Working Here, 2012"},"content":{"rendered":"\n<p>D\u016fm um\u011bn\u00ed\/House of Art \u010cesk\u00e9 Bud\u011bjovice, k\/c: Ji\u0159\u00ed Pt\u00e1\u010dek, foto\/photo: Jan Mahr<\/p>\n\n\n\n<figure class=\"wp-block-gallery aligncenter has-nested-images columns-2 is-cropped wp-block-gallery-1 is-layout-flex wp-block-gallery-is-layout-flex\">\n<figure class=\"wp-block-image size-large\"><a href=\"http:\/\/petraherotova.com\/wp-content\/uploads\/2020\/04\/f_01-1.jpg\" data-lbwps-width=\"851\" data-lbwps-height=\"567\" data-lbwps-srcsmall=\"https:\/\/petraherotova.com\/wp-content\/uploads\/2020\/04\/f_01-1-300x200.jpg\"><img loading=\"lazy\" decoding=\"async\" width=\"851\" height=\"567\" data-id=\"713\" src=\"http:\/\/petraherotova.com\/wp-content\/uploads\/2020\/04\/f_01-1.jpg\" alt=\"\" class=\"wp-image-713\" srcset=\"https:\/\/petraherotova.com\/wp-content\/uploads\/2020\/04\/f_01-1.jpg 851w, https:\/\/petraherotova.com\/wp-content\/uploads\/2020\/04\/f_01-1-300x200.jpg 300w, https:\/\/petraherotova.com\/wp-content\/uploads\/2020\/04\/f_01-1-768x512.jpg 768w\" sizes=\"auto, (max-width: 851px) 100vw, 851px\" \/><\/a><\/figure>\n\n\n\n<figure class=\"wp-block-image size-large\"><a href=\"http:\/\/petraherotova.com\/wp-content\/uploads\/2020\/04\/f_02.jpg\" data-lbwps-width=\"962\" data-lbwps-height=\"567\" data-lbwps-srcsmall=\"https:\/\/petraherotova.com\/wp-content\/uploads\/2020\/04\/f_02-300x177.jpg\"><img loading=\"lazy\" decoding=\"async\" width=\"962\" height=\"567\" data-id=\"714\" src=\"http:\/\/petraherotova.com\/wp-content\/uploads\/2020\/04\/f_02.jpg\" alt=\"\" class=\"wp-image-714\" srcset=\"https:\/\/petraherotova.com\/wp-content\/uploads\/2020\/04\/f_02.jpg 962w, https:\/\/petraherotova.com\/wp-content\/uploads\/2020\/04\/f_02-300x177.jpg 300w, https:\/\/petraherotova.com\/wp-content\/uploads\/2020\/04\/f_02-768x453.jpg 768w\" sizes=\"auto, (max-width: 962px) 100vw, 962px\" \/><\/a><\/figure>\n\n\n\n<figure class=\"wp-block-image size-large\"><a href=\"http:\/\/petraherotova.com\/wp-content\/uploads\/2020\/04\/04mala.jpg\" data-lbwps-width=\"2464\" data-lbwps-height=\"1622\" data-lbwps-srcsmall=\"https:\/\/petraherotova.com\/wp-content\/uploads\/2020\/04\/04mala-300x197.jpg\"><img loading=\"lazy\" decoding=\"async\" width=\"1024\" height=\"674\" data-id=\"716\" src=\"http:\/\/petraherotova.com\/wp-content\/uploads\/2020\/04\/04mala-1024x674.jpg\" alt=\"\" class=\"wp-image-716\" srcset=\"https:\/\/petraherotova.com\/wp-content\/uploads\/2020\/04\/04mala-1024x674.jpg 1024w, https:\/\/petraherotova.com\/wp-content\/uploads\/2020\/04\/04mala-300x197.jpg 300w, https:\/\/petraherotova.com\/wp-content\/uploads\/2020\/04\/04mala-768x506.jpg 768w, https:\/\/petraherotova.com\/wp-content\/uploads\/2020\/04\/04mala-1536x1011.jpg 1536w, https:\/\/petraherotova.com\/wp-content\/uploads\/2020\/04\/04mala-2048x1348.jpg 2048w, https:\/\/petraherotova.com\/wp-content\/uploads\/2020\/04\/04mala-1200x790.jpg 1200w, https:\/\/petraherotova.com\/wp-content\/uploads\/2020\/04\/04mala-1980x1303.jpg 1980w\" sizes=\"auto, (max-width: 1024px) 100vw, 1024px\" \/><\/a><\/figure>\n\n\n\n<figure class=\"wp-block-image size-large\"><a href=\"http:\/\/petraherotova.com\/wp-content\/uploads\/2020\/04\/herotova_11mala.jpg\" data-lbwps-width=\"2460\" data-lbwps-height=\"1625\" data-lbwps-srcsmall=\"https:\/\/petraherotova.com\/wp-content\/uploads\/2020\/04\/herotova_11mala-300x198.jpg\"><img loading=\"lazy\" decoding=\"async\" width=\"1024\" height=\"676\" data-id=\"717\" src=\"http:\/\/petraherotova.com\/wp-content\/uploads\/2020\/04\/herotova_11mala-1024x676.jpg\" alt=\"\" class=\"wp-image-717\" srcset=\"https:\/\/petraherotova.com\/wp-content\/uploads\/2020\/04\/herotova_11mala-1024x676.jpg 1024w, https:\/\/petraherotova.com\/wp-content\/uploads\/2020\/04\/herotova_11mala-300x198.jpg 300w, https:\/\/petraherotova.com\/wp-content\/uploads\/2020\/04\/herotova_11mala-768x507.jpg 768w, https:\/\/petraherotova.com\/wp-content\/uploads\/2020\/04\/herotova_11mala-1536x1015.jpg 1536w, https:\/\/petraherotova.com\/wp-content\/uploads\/2020\/04\/herotova_11mala-2048x1353.jpg 2048w, https:\/\/petraherotova.com\/wp-content\/uploads\/2020\/04\/herotova_11mala-1200x793.jpg 1200w, https:\/\/petraherotova.com\/wp-content\/uploads\/2020\/04\/herotova_11mala-1980x1308.jpg 1980w\" sizes=\"auto, (max-width: 1024px) 100vw, 1024px\" \/><\/a><\/figure>\n\n\n\n<figure class=\"wp-block-image size-large\"><a href=\"http:\/\/petraherotova.com\/wp-content\/uploads\/2020\/04\/herotova_25mala.jpg\" data-lbwps-width=\"2267\" data-lbwps-height=\"1764\" data-lbwps-srcsmall=\"https:\/\/petraherotova.com\/wp-content\/uploads\/2020\/04\/herotova_25mala-300x233.jpg\"><img loading=\"lazy\" decoding=\"async\" width=\"1024\" height=\"797\" data-id=\"715\" src=\"http:\/\/petraherotova.com\/wp-content\/uploads\/2020\/04\/herotova_25mala-1024x797.jpg\" alt=\"\" class=\"wp-image-715\" srcset=\"https:\/\/petraherotova.com\/wp-content\/uploads\/2020\/04\/herotova_25mala-1024x797.jpg 1024w, https:\/\/petraherotova.com\/wp-content\/uploads\/2020\/04\/herotova_25mala-300x233.jpg 300w, https:\/\/petraherotova.com\/wp-content\/uploads\/2020\/04\/herotova_25mala-768x598.jpg 768w, https:\/\/petraherotova.com\/wp-content\/uploads\/2020\/04\/herotova_25mala-1536x1195.jpg 1536w, https:\/\/petraherotova.com\/wp-content\/uploads\/2020\/04\/herotova_25mala-2048x1594.jpg 2048w, https:\/\/petraherotova.com\/wp-content\/uploads\/2020\/04\/herotova_25mala-1200x934.jpg 1200w, https:\/\/petraherotova.com\/wp-content\/uploads\/2020\/04\/herotova_25mala-1980x1541.jpg 1980w\" sizes=\"auto, (max-width: 1024px) 100vw, 1024px\" \/><\/a><\/figure>\n\n\n\n<figure class=\"wp-block-image size-large\"><a href=\"http:\/\/petraherotova.com\/wp-content\/uploads\/2020\/04\/herotova_18mala.jpg\" data-lbwps-width=\"2432\" data-lbwps-height=\"1644\" data-lbwps-srcsmall=\"https:\/\/petraherotova.com\/wp-content\/uploads\/2020\/04\/herotova_18mala-300x203.jpg\"><img loading=\"lazy\" decoding=\"async\" width=\"1024\" height=\"692\" data-id=\"718\" src=\"http:\/\/petraherotova.com\/wp-content\/uploads\/2020\/04\/herotova_18mala-1024x692.jpg\" alt=\"\" class=\"wp-image-718\" srcset=\"https:\/\/petraherotova.com\/wp-content\/uploads\/2020\/04\/herotova_18mala-1024x692.jpg 1024w, https:\/\/petraherotova.com\/wp-content\/uploads\/2020\/04\/herotova_18mala-300x203.jpg 300w, https:\/\/petraherotova.com\/wp-content\/uploads\/2020\/04\/herotova_18mala-768x519.jpg 768w, https:\/\/petraherotova.com\/wp-content\/uploads\/2020\/04\/herotova_18mala-1536x1038.jpg 1536w, https:\/\/petraherotova.com\/wp-content\/uploads\/2020\/04\/herotova_18mala-2048x1384.jpg 2048w, https:\/\/petraherotova.com\/wp-content\/uploads\/2020\/04\/herotova_18mala-1200x811.jpg 1200w, https:\/\/petraherotova.com\/wp-content\/uploads\/2020\/04\/herotova_18mala-1980x1338.jpg 1980w\" sizes=\"auto, (max-width: 1024px) 100vw, 1024px\" \/><\/a><\/figure>\n\n\n\n<figure class=\"wp-block-image size-large\"><a href=\"http:\/\/petraherotova.com\/wp-content\/uploads\/2020\/04\/herotova_19mala.jpg\" data-lbwps-width=\"2449\" data-lbwps-height=\"1632\" data-lbwps-srcsmall=\"https:\/\/petraherotova.com\/wp-content\/uploads\/2020\/04\/herotova_19mala-300x200.jpg\"><img loading=\"lazy\" decoding=\"async\" width=\"1024\" height=\"682\" data-id=\"719\" src=\"http:\/\/petraherotova.com\/wp-content\/uploads\/2020\/04\/herotova_19mala-1024x682.jpg\" alt=\"\" class=\"wp-image-719\" srcset=\"https:\/\/petraherotova.com\/wp-content\/uploads\/2020\/04\/herotova_19mala-1024x682.jpg 1024w, https:\/\/petraherotova.com\/wp-content\/uploads\/2020\/04\/herotova_19mala-300x200.jpg 300w, https:\/\/petraherotova.com\/wp-content\/uploads\/2020\/04\/herotova_19mala-768x512.jpg 768w, https:\/\/petraherotova.com\/wp-content\/uploads\/2020\/04\/herotova_19mala-1536x1024.jpg 1536w, https:\/\/petraherotova.com\/wp-content\/uploads\/2020\/04\/herotova_19mala-2048x1365.jpg 2048w, https:\/\/petraherotova.com\/wp-content\/uploads\/2020\/04\/herotova_19mala-1200x800.jpg 1200w, https:\/\/petraherotova.com\/wp-content\/uploads\/2020\/04\/herotova_19mala-1980x1319.jpg 1980w\" sizes=\"auto, (max-width: 1024px) 100vw, 1024px\" \/><\/a><\/figure>\n\n\n\n<figure class=\"wp-block-image size-large\"><a href=\"http:\/\/petraherotova.com\/wp-content\/uploads\/2020\/04\/herotova_26mala.jpg\" data-lbwps-width=\"2071\" data-lbwps-height=\"1931\" data-lbwps-srcsmall=\"https:\/\/petraherotova.com\/wp-content\/uploads\/2020\/04\/herotova_26mala-300x280.jpg\"><img loading=\"lazy\" decoding=\"async\" width=\"1024\" height=\"955\" data-id=\"727\" src=\"http:\/\/petraherotova.com\/wp-content\/uploads\/2020\/04\/herotova_26mala-1024x955.jpg\" alt=\"\" class=\"wp-image-727\" srcset=\"https:\/\/petraherotova.com\/wp-content\/uploads\/2020\/04\/herotova_26mala-1024x955.jpg 1024w, https:\/\/petraherotova.com\/wp-content\/uploads\/2020\/04\/herotova_26mala-300x280.jpg 300w, https:\/\/petraherotova.com\/wp-content\/uploads\/2020\/04\/herotova_26mala-768x716.jpg 768w, https:\/\/petraherotova.com\/wp-content\/uploads\/2020\/04\/herotova_26mala-1536x1432.jpg 1536w, https:\/\/petraherotova.com\/wp-content\/uploads\/2020\/04\/herotova_26mala-2048x1910.jpg 2048w, https:\/\/petraherotova.com\/wp-content\/uploads\/2020\/04\/herotova_26mala-1200x1119.jpg 1200w, https:\/\/petraherotova.com\/wp-content\/uploads\/2020\/04\/herotova_26mala-1980x1846.jpg 1980w\" sizes=\"auto, (max-width: 1024px) 100vw, 1024px\" \/><\/a><\/figure>\n\n\n\n<figure class=\"wp-block-image size-large\"><a href=\"http:\/\/petraherotova.com\/wp-content\/uploads\/2020\/04\/herotova_12mala.jpg\" data-lbwps-width=\"2446\" data-lbwps-height=\"1635\" data-lbwps-srcsmall=\"https:\/\/petraherotova.com\/wp-content\/uploads\/2020\/04\/herotova_12mala-300x201.jpg\"><img loading=\"lazy\" decoding=\"async\" width=\"1024\" height=\"684\" data-id=\"720\" src=\"http:\/\/petraherotova.com\/wp-content\/uploads\/2020\/04\/herotova_12mala-1024x684.jpg\" alt=\"\" class=\"wp-image-720\" srcset=\"https:\/\/petraherotova.com\/wp-content\/uploads\/2020\/04\/herotova_12mala-1024x684.jpg 1024w, https:\/\/petraherotova.com\/wp-content\/uploads\/2020\/04\/herotova_12mala-300x201.jpg 300w, https:\/\/petraherotova.com\/wp-content\/uploads\/2020\/04\/herotova_12mala-768x513.jpg 768w, https:\/\/petraherotova.com\/wp-content\/uploads\/2020\/04\/herotova_12mala-1536x1027.jpg 1536w, https:\/\/petraherotova.com\/wp-content\/uploads\/2020\/04\/herotova_12mala-2048x1369.jpg 2048w, https:\/\/petraherotova.com\/wp-content\/uploads\/2020\/04\/herotova_12mala-1200x802.jpg 1200w, https:\/\/petraherotova.com\/wp-content\/uploads\/2020\/04\/herotova_12mala-1980x1324.jpg 1980w\" sizes=\"auto, (max-width: 1024px) 100vw, 1024px\" \/><\/a><\/figure>\n\n\n\n<figure class=\"wp-block-image size-large\"><a href=\"http:\/\/petraherotova.com\/wp-content\/uploads\/2020\/04\/f_05.jpg\" data-lbwps-width=\"1293\" data-lbwps-height=\"567\" data-lbwps-srcsmall=\"https:\/\/petraherotova.com\/wp-content\/uploads\/2020\/04\/f_05-300x132.jpg\"><img loading=\"lazy\" decoding=\"async\" width=\"1024\" height=\"449\" data-id=\"722\" src=\"http:\/\/petraherotova.com\/wp-content\/uploads\/2020\/04\/f_05-1024x449.jpg\" alt=\"\" class=\"wp-image-722\" srcset=\"https:\/\/petraherotova.com\/wp-content\/uploads\/2020\/04\/f_05-1024x449.jpg 1024w, https:\/\/petraherotova.com\/wp-content\/uploads\/2020\/04\/f_05-300x132.jpg 300w, https:\/\/petraherotova.com\/wp-content\/uploads\/2020\/04\/f_05-768x337.jpg 768w, https:\/\/petraherotova.com\/wp-content\/uploads\/2020\/04\/f_05-1200x526.jpg 1200w, https:\/\/petraherotova.com\/wp-content\/uploads\/2020\/04\/f_05.jpg 1293w\" sizes=\"auto, (max-width: 1024px) 100vw, 1024px\" \/><\/a><\/figure>\n\n\n\n<figure class=\"wp-block-image size-large\"><a href=\"http:\/\/petraherotova.com\/wp-content\/uploads\/2020\/04\/herotova_15mala.jpg\" data-lbwps-width=\"2448\" data-lbwps-height=\"1633\" data-lbwps-srcsmall=\"https:\/\/petraherotova.com\/wp-content\/uploads\/2020\/04\/herotova_15mala-300x200.jpg\"><img loading=\"lazy\" decoding=\"async\" width=\"1024\" height=\"683\" data-id=\"721\" src=\"http:\/\/petraherotova.com\/wp-content\/uploads\/2020\/04\/herotova_15mala-1024x683.jpg\" alt=\"\" class=\"wp-image-721\" srcset=\"https:\/\/petraherotova.com\/wp-content\/uploads\/2020\/04\/herotova_15mala-1024x683.jpg 1024w, https:\/\/petraherotova.com\/wp-content\/uploads\/2020\/04\/herotova_15mala-300x200.jpg 300w, https:\/\/petraherotova.com\/wp-content\/uploads\/2020\/04\/herotova_15mala-768x512.jpg 768w, https:\/\/petraherotova.com\/wp-content\/uploads\/2020\/04\/herotova_15mala-1536x1025.jpg 1536w, https:\/\/petraherotova.com\/wp-content\/uploads\/2020\/04\/herotova_15mala-2048x1366.jpg 2048w, https:\/\/petraherotova.com\/wp-content\/uploads\/2020\/04\/herotova_15mala-1200x800.jpg 1200w, https:\/\/petraherotova.com\/wp-content\/uploads\/2020\/04\/herotova_15mala-1980x1321.jpg 1980w\" sizes=\"auto, (max-width: 1024px) 100vw, 1024px\" \/><\/a><\/figure>\n\n\n\n<figure class=\"wp-block-image size-large\"><a href=\"http:\/\/petraherotova.com\/wp-content\/uploads\/2020\/04\/f_07.jpg\" data-lbwps-width=\"858\" data-lbwps-height=\"567\" data-lbwps-srcsmall=\"https:\/\/petraherotova.com\/wp-content\/uploads\/2020\/04\/f_07-300x198.jpg\"><img loading=\"lazy\" decoding=\"async\" width=\"858\" height=\"567\" data-id=\"728\" src=\"http:\/\/petraherotova.com\/wp-content\/uploads\/2020\/04\/f_07.jpg\" alt=\"\" class=\"wp-image-728\" srcset=\"https:\/\/petraherotova.com\/wp-content\/uploads\/2020\/04\/f_07.jpg 858w, https:\/\/petraherotova.com\/wp-content\/uploads\/2020\/04\/f_07-300x198.jpg 300w, https:\/\/petraherotova.com\/wp-content\/uploads\/2020\/04\/f_07-768x508.jpg 768w\" sizes=\"auto, (max-width: 858px) 100vw, 858px\" \/><\/a><\/figure>\n\n\n\n<figure class=\"wp-block-image size-large\"><a href=\"http:\/\/petraherotova.com\/wp-content\/uploads\/2020\/04\/f_06.jpg\" data-lbwps-width=\"868\" data-lbwps-height=\"567\" data-lbwps-srcsmall=\"https:\/\/petraherotova.com\/wp-content\/uploads\/2020\/04\/f_06-300x196.jpg\"><img loading=\"lazy\" decoding=\"async\" width=\"868\" height=\"567\" data-id=\"725\" src=\"http:\/\/petraherotova.com\/wp-content\/uploads\/2020\/04\/f_06.jpg\" alt=\"\" class=\"wp-image-725\" srcset=\"https:\/\/petraherotova.com\/wp-content\/uploads\/2020\/04\/f_06.jpg 868w, https:\/\/petraherotova.com\/wp-content\/uploads\/2020\/04\/f_06-300x196.jpg 300w, https:\/\/petraherotova.com\/wp-content\/uploads\/2020\/04\/f_06-768x502.jpg 768w\" sizes=\"auto, (max-width: 868px) 100vw, 868px\" \/><\/a><\/figure>\n\n\n\n<figure class=\"wp-block-image size-large\"><a href=\"http:\/\/petraherotova.com\/wp-content\/uploads\/2020\/04\/herotova_16mala-1.jpg\" data-lbwps-width=\"2474\" data-lbwps-height=\"1616\" data-lbwps-srcsmall=\"https:\/\/petraherotova.com\/wp-content\/uploads\/2020\/04\/herotova_16mala-1-300x196.jpg\"><img loading=\"lazy\" decoding=\"async\" width=\"1024\" height=\"669\" data-id=\"726\" src=\"http:\/\/petraherotova.com\/wp-content\/uploads\/2020\/04\/herotova_16mala-1-1024x669.jpg\" alt=\"\" class=\"wp-image-726\" srcset=\"https:\/\/petraherotova.com\/wp-content\/uploads\/2020\/04\/herotova_16mala-1-1024x669.jpg 1024w, https:\/\/petraherotova.com\/wp-content\/uploads\/2020\/04\/herotova_16mala-1-300x196.jpg 300w, https:\/\/petraherotova.com\/wp-content\/uploads\/2020\/04\/herotova_16mala-1-768x502.jpg 768w, https:\/\/petraherotova.com\/wp-content\/uploads\/2020\/04\/herotova_16mala-1-1536x1003.jpg 1536w, https:\/\/petraherotova.com\/wp-content\/uploads\/2020\/04\/herotova_16mala-1-2048x1338.jpg 2048w, https:\/\/petraherotova.com\/wp-content\/uploads\/2020\/04\/herotova_16mala-1-1200x784.jpg 1200w, https:\/\/petraherotova.com\/wp-content\/uploads\/2020\/04\/herotova_16mala-1-1980x1293.jpg 1980w\" sizes=\"auto, (max-width: 1024px) 100vw, 1024px\" \/><\/a><\/figure>\n<\/figure>\n","protected":false},"excerpt":{"rendered":"<p>D\u016fm um\u011bn\u00ed\/House of Art \u010cesk\u00e9 Bud\u011bjovice, k\/c: Ji\u0159\u00ed Pt\u00e1\u010dek, foto\/photo: Jan Mahr<\/p>\n","protected":false},"author":2,"featured_media":0,"parent":0,"menu_order":0,"comment_status":"closed","ping_status":"closed","template":"","meta":{"footnotes":""},"class_list":["post-709","page","type-page","status-publish","hentry"],"_links":{"self":[{"href":"https:\/\/petraherotova.com\/index.php?rest_route=\/wp\/v2\/pages\/709","targetHints":{"allow":["GET"]}}],"collection":[{"href":"https:\/\/petraherotova.com\/index.php?rest_route=\/wp\/v2\/pages"}],"about":[{"href":"https:\/\/petraherotova.com\/index.php?rest_route=\/wp\/v2\/types\/page"}],"author":[{"embeddable":true,"href":"https:\/\/petraherotova.com\/index.php?rest_route=\/wp\/v2\/users\/2"}],"replies":[{"embeddable":true,"href":"https:\/\/petraherotova.com\/index.php?rest_route=%2Fwp%2Fv2%2Fcomments&post=709"}],"version-history":[{"count":1,"href":"https:\/\/petraherotova.com\/index.php?rest_route=\/wp\/v2\/pages\/709\/revisions"}],"predecessor-version":[{"id":1125,"href":"https:\/\/petraherotova.com\/index.php?rest_route=\/wp\/v2\/pages\/709\/revisions\/1125"}],"wp:attachment":[{"href":"https:\/\/petraherotova.com\/index.php?rest_route=%2Fwp%2Fv2%2Fmedia&parent=709"}],"curies":[{"name":"wp","href":"https:\/\/api.w.org\/{rel}","templated":true}]}}