{"id":47,"date":"2020-02-21T11:11:21","date_gmt":"2020-02-21T11:11:21","guid":{"rendered":"http:\/\/34.90.220.16\/?page_id=47"},"modified":"2020-02-21T11:11:21","modified_gmt":"2020-02-21T11:11:21","slug":"cv","status":"publish","type":"page","link":"https:\/\/petraherotova.com\/?page_id=47","title":{"rendered":"CV"},"content":{"rendered":"\n<div class=\"wp-block-group is-layout-flow wp-block-group-is-layout-flow\"><div class=\"wp-block-group__inner-container\"><\/div><\/div>\n\n\n\n<div class=\"wp-block-group\"><div class=\"wp-block-group__inner-container is-layout-flow wp-block-group-is-layout-flow\">\n<p>*1980<\/p>\n\n\n\n<h6 class=\"wp-block-heading\"><strong>Studia<\/strong><\/h6>\n\n\n\n<p>2004\u201307 V\u0160UP Praha, atelier Konceptu\u00e1ln\u00ed a intermedi\u00e1ln\u00ed tvorby Ji\u0159\u00edho Davida<\/p>\n\n\n\n<p>1998\u201304 FaVU VUT Brno, atelier Grafiky Margity Titlov\u00e9<\/p>\n<\/div><\/div>\n\n\n\n<p class=\"has-small-font-size\"><em>\/St\u00e1\u017ee\/<\/em><\/p>\n\n\n\n<p class=\"has-small-font-size\"><em>2005 AVU Praha, atelier Malby Vladim\u00edra Skrepla<\/em><\/p>\n\n\n\n<p class=\"has-small-font-size\"><em>2004 V\u0160UP Praha, atelier Konceptu\u00e1ln\u00ed a intermedi\u00e1ln\u00ed tvorby Ji\u0159\u00edho Davida<\/em><\/p>\n\n\n\n<p class=\"has-small-font-size\"><em>2003\u201304 V\u0160UP Praha, atelier Malby Stanislava Divi\u0161e<\/em><\/p>\n\n\n\n<ul class=\"wp-block-list\"><li>                                                                             <\/li><\/ul>\n\n\n\n<div class=\"wp-block-group\"><div class=\"wp-block-group__inner-container is-layout-flow wp-block-group-is-layout-flow\">\n<div class=\"wp-block-group\"><div class=\"wp-block-group__inner-container is-layout-flow wp-block-group-is-layout-flow\">\n<h6 class=\"has-primary-color has-text-color wp-block-heading\"><strong>Samostatn\u00e9 v\u00fdstavy\/projekty \/v\u00fdb\u011br\/<\/strong><\/h6>\n\n\n\n<div class=\"wp-block-group\"><div class=\"wp-block-group__inner-container is-layout-flow wp-block-group-is-layout-flow\">\n<p class=\"has-small-font-size\">2005 &nbsp; Relace, galerie P\u016fda, Jihlava<\/p>\n\n\n\n<p class=\"has-small-font-size\">2006 &nbsp; \u2026raz, dva, t\u0159i\u2026, galerie Entrance, Praha<\/p>\n\n\n\n<p class=\"has-small-font-size\">2007 &nbsp; Miris, galerie Eskort, Brno<\/p>\n\n\n\n<p class=\"has-small-font-size\">2008&nbsp;&nbsp; 400 g polohrub\u00e9 mouky\u2026, s D. Bar\u00e1\u010dkovou, Galerie \u0160ternberk<\/p>\n<\/div><\/div>\n<\/div><\/div>\n\n\n\n<p class=\"has-small-font-size\">2009&nbsp;&nbsp; 100% Blue, Galerie 207, Praha<\/p>\n\n\n\n<p class=\"has-small-font-size\">&nbsp;&nbsp;&nbsp;&nbsp;&nbsp;&nbsp;&nbsp;&nbsp;&nbsp;&nbsp;&nbsp;\u0158\u00ed\u010dka 2, Galerie mlad\u00fdch, Brno<\/p>\n\n\n\n<p class=\"has-small-font-size\">2010&nbsp;&nbsp; Pome \u017dilina, s&nbsp;Danielou Bar\u00e1\u010dkovou,\ngalerie Stanica, \u017dilina, SK<\/p>\n\n\n\n<p class=\"has-small-font-size\">&nbsp;&nbsp;&nbsp;&nbsp;&nbsp;&nbsp;&nbsp;&nbsp;&nbsp;&nbsp;&nbsp;Blanka \u010cern\u00e1 Hora Praha, host: D. Bar\u00e1\u010dkov\u00e1, Galerie Jelen\u00ed, Praha<\/p>\n\n\n\n<p class=\"has-small-font-size\">&nbsp;&nbsp;&nbsp;&nbsp;&nbsp;&nbsp;&nbsp;&nbsp;&nbsp;&nbsp;&nbsp;+ -, etc. galerie, Praha<\/p>\n\n\n\n<p class=\"has-small-font-size\">&nbsp;&nbsp;&nbsp;&nbsp;&nbsp;&nbsp;&nbsp;&nbsp;&nbsp;&nbsp;&nbsp;&#8211; +, galerie Luxfer, \u010cesk\u00e1 Skalice<\/p>\n\n\n\n<p class=\"has-small-font-size\">&nbsp;&nbsp;&nbsp;&nbsp;&nbsp;&nbsp;&nbsp;&nbsp;&nbsp;&nbsp;&nbsp;+ &#8211; 2, bytov\u00fd prostor Zut\u00fd M\u00e1nes, \u010cesk\u00e9 Bud\u011bjovice<\/p>\n\n\n\n<p class=\"has-small-font-size\">2012&nbsp;&nbsp; Black Hill, s&nbsp;Danielou Bar\u00e1\u010dkovou,\nGalerie m\u011bsta Blanska<\/p>\n\n\n\n<p class=\"has-small-font-size\">&nbsp;&nbsp;&nbsp;&nbsp;&nbsp;&nbsp;&nbsp;&nbsp;&nbsp;&nbsp;&nbsp;N\u011bco tady nehraje, D\u016fm um\u011bn\u00ed \u010cesk\u00e9 Bud\u011bjovice (kur\u00e1tor Ji\u0159\u00ed Pt\u00e1\u010dek)<\/p>\n\n\n\n<p class=\"has-small-font-size\">2013&nbsp;&nbsp; AAAA, s&nbsp;Janem N\u00e1levkou, Galerie 35 m2,\nPraha<\/p>\n\n\n\n<p class=\"has-small-font-size\">2014&nbsp;&nbsp; \u010dtverec troj\u00faheln\u00edk kruh mezera p\u011bti\u00faheln\u00edk,\ngalerie Entrance, Praha<\/p>\n\n\n\n<p class=\"has-small-font-size\">&nbsp;&nbsp;&nbsp;&nbsp;&nbsp;&nbsp;&nbsp;&nbsp;&nbsp;&nbsp; chv\u00edli na Klamovce, spolupr\u00e1ce: Tom\u00e1\u0161 Uhn\u00e1k, alt\u00e1n Klamovka, Praha<\/p>\n\n\n\n<p class=\"has-small-font-size\"><strong>&nbsp;&nbsp;&nbsp;&nbsp;&nbsp;&nbsp;&nbsp;&nbsp;&nbsp;&nbsp;&nbsp;<\/strong>Opakovan\u00fd vtip nen\u00ed vtipem. Opakovan\u00fd vtip nen\u00ed vtipem., Galerie   Dole, Ostrava  (kur\u00e1tor Ji\u0159\u00ed Pt\u00e1\u010dek) <\/p>\n\n\n\n<p class=\"has-small-font-size\">2016&nbsp;&nbsp; Vlna, smy\u010dka, \u010d\u00e1ra, m\u0159\u00ed\u017eka, GAVU Cheb  (kur\u00e1tor Ji\u0159\u00ed Pt\u00e1\u010dek) <\/p>\n\n\n\n<p class=\"has-small-font-size\">&nbsp;&nbsp;&nbsp;&nbsp;&nbsp;&nbsp;&nbsp;&nbsp;&nbsp;&nbsp;&nbsp;Fotoapar\u00e1tka, Fotograf Gallery, Praha  (kur\u00e1tor Ji\u0159\u00ed Pt\u00e1\u010dek) <\/p>\n\n\n\n<p class=\"has-small-font-size\">&nbsp;&nbsp;&nbsp;&nbsp;&nbsp;&nbsp;&nbsp;&nbsp;&nbsp;&nbsp;&nbsp;Had\u0159\u00edk Kazimir, ubrousky Mondrian, placka Hirst a jin\u00e9       p\u0159\u00edb\u011bhy, Galerie 2+1, Bechyn\u011b<\/p>\n\n\n\n<p class=\"has-small-font-size\">2017&nbsp;&nbsp; Uh\u00e1\u010dkovala jsem \u221e sov, Galerie M\u011bs\u00edc ve dne, \u010cesk\u00e9 Bud\u011bjovice  (kur\u00e1tor Ji\u0159\u00ed Pt\u00e1\u010dek) <\/p>\n\n\n\n<p class=\"has-small-font-size\">2018&nbsp;&nbsp; Z\u00e1klad, v\u00fdstavn\u00ed s\u00ed\u0148 tisk\u00e1rny Karm\u00e1\u0161ek, \u010cesk\u00e9\nBud\u011bjovice<\/p>\n\n\n\n<p class=\"has-small-font-size\">2019&nbsp;&nbsp; Jind\u0159ich\u016fv model #2, galerie Berl\u00ednskej\nmodel, Praha<\/p>\n\n\n\n<p class=\"has-small-font-size\">          The Ikonen \u2013 7 \u017een Bauhausu (projekt abcd\u00edlny)<\/p>\n<\/div><\/div>\n\n\n\n<ul class=\"wp-block-list\"><li><\/li><\/ul>\n\n\n\n<div class=\"wp-block-group\"><div class=\"wp-block-group__inner-container is-layout-flow wp-block-group-is-layout-flow\">\n<h6 class=\"wp-block-heading\"><strong>\u00da\u010dast na v\u00fdstav\u00e1ch\/projektech \/v\u00fdb\u011br\/<\/strong><\/h6>\n\n\n\n<p class=\"has-small-font-size\">2006 &nbsp; V\u011bcn\u00e9 stavy, Karl\u00edn studios, Praha<\/p>\n\n\n\n<p class=\"has-small-font-size\">&nbsp;&nbsp;&nbsp;&nbsp;&nbsp;&nbsp;&nbsp;&nbsp;&nbsp;&nbsp;&nbsp;Jedna rodina, jako host J. Rucha\u0159ov\u00e9, galerie Entrance, Praha<\/p>\n\n\n\n<p class=\"has-small-font-size\">&nbsp;&nbsp;&nbsp;&nbsp;&nbsp;&nbsp;&nbsp;&nbsp;&nbsp;&nbsp;&nbsp;Indikace, festival 4+4+4 dny v pohybu, Praha<\/p>\n\n\n\n<p class=\"has-small-font-size\">&nbsp;&nbsp;&nbsp;&nbsp;&nbsp;&nbsp;&nbsp;&nbsp;&nbsp;&nbsp;&nbsp;Videocamp, alt\u00e1n Klamovka, Praha<\/p>\n\n\n\n<p class=\"has-text-align-left has-small-font-size\">           \u00da\u010del, Galerie AVU, Praha, tak\u00e9 jako spolukur\u00e1torka s V. Artamonovem a V. Magidem<\/p>\n\n\n\n<p class=\"has-small-font-size\">2007 &nbsp; Start Point, Galerie Klatovy \/ Klenov\u00e1<\/p>\n\n\n\n<p class=\"has-small-font-size\">2009&nbsp;  Zl\u00ednsk\u00fd\nsal\u00f3n mlad\u00fdch, KGVU Zl\u00edn<\/p>\n\n\n\n<p class=\"has-small-font-size\">&nbsp;&nbsp;&nbsp;&nbsp;&nbsp;&nbsp;&nbsp;&nbsp;&nbsp;&nbsp;&nbsp;Fin\u00e1le Ceny Jind\u0159icha Chalupeck\u00e9ho, DOX, Praha<\/p>\n\n\n\n<p class=\"has-small-font-size\">2010&nbsp;&nbsp; Kas ir \u201e\u010dehu\u201c m\u00e1ksla?, Kulturn\u00ed centrum I\u013b\u0122UCIEMS,\nRiga, LV<\/p>\n\n\n\n<p class=\"has-small-font-size\">&nbsp;&nbsp;&nbsp;&nbsp;&nbsp;&nbsp;&nbsp;&nbsp;&nbsp;&nbsp;&nbsp;Bien\u00e1le mlad\u00e9ho um\u011bn\u00ed Zvon 2010, GHMP, Praha<\/p>\n\n\n\n<p class=\"has-small-font-size\">&nbsp;&nbsp;&nbsp;&nbsp;&nbsp;&nbsp;&nbsp;&nbsp;&nbsp;&nbsp;&nbsp;Ears Like Loops, ZONA, \u0141\u00f3d\u017a, PL <\/p>\n\n\n\n<p class=\"has-small-font-size\">2011&nbsp;&nbsp; Jak za\u010d\u00edt od za\u010d\u00e1tku (Sel\u017ei znova a l\u00e9pe), galerie Futura, Praha<\/p>\n\n\n\n<p class=\"has-small-font-size\">           The Perspective of a Blind Eye, Casa Masaccio, San Giovanni Valdarno, IT<\/p>\n\n\n\n<p class=\"has-small-font-size\">2012&nbsp;&nbsp;Ostrovy odporu\/Mezi prvn\u00ed a druhou modernost\u00ed 1985-2012, NG, Veletr\u017en\u00ed pal\u00e1c, Praha<\/p>\n\n\n\n<p class=\"has-small-font-size\">&nbsp;&nbsp;&nbsp;&nbsp;&nbsp;&nbsp;&nbsp;&nbsp;&nbsp;&nbsp;Posledn\u00ed prostor pro \u010dlov\u011bka, Karl\u00edn studios, Praha, tak\u00e9 jako spolukur\u00e1torka s&nbsp;Danielou Bar\u00e1\u010dkovou a Pavlou Gajdo\u0161\u00edkovou<\/p>\n\n\n\n<p class=\"has-small-font-size\">2013&nbsp;  FILM. Directed by Artists 2, Nitransk\u00e1 galerie, Nitra, SK<\/p>\n\n\n\n<p class=\"has-small-font-size\">2014&nbsp;&nbsp; NULLA DIES SINE LINEA, Postkonceptu\u00e1ln\u00ed p\u0159esahy v&nbsp;\u010desk\u00e9\nkresb\u011b, Galerie Emila Filly-Armaturka, \u00dast\u00ed nad Labem<\/p>\n\n\n\n<p class=\"has-small-font-size\">&nbsp;&nbsp;&nbsp;&nbsp;&nbsp;&nbsp;&nbsp;&nbsp;&nbsp;&nbsp;&nbsp;Bis bald!, Dorothea von Stetten Kunstpreis 2014, Kunstmuseum Bonn, DE<\/p>\n\n\n\n<p class=\"has-small-font-size\">2015&nbsp;&nbsp; Dluh, v&nbsp;r\u00e1mci v\u00fdstavy Jak nic necht\u00edt?, festival 4+4 dny v&nbsp;pohybu,\nPraha<\/p>\n\n\n\n<p class=\"has-small-font-size\">2016&nbsp;&nbsp; Nez\u00e1visl\u00fd v\u00fdzkum subjektivity, festival 4+4 dny v&nbsp;pohybu,\nPraha<\/p>\n\n\n\n<p class=\"has-small-font-size\">2017&nbsp;&nbsp; Do\u010dasn\u00fd depozit\u00e1\u0159-kresba: p\u0159\u00edpadov\u00e1 studie 2 (\u010desko-polsk\u00e1 verze),\nPlato, Ostrava<\/p>\n\n\n\n<p class=\"has-small-font-size\">&nbsp;&nbsp;&nbsp;&nbsp;&nbsp;&nbsp;&nbsp;&nbsp;&nbsp;&nbsp;&nbsp;Disto, PAF Olomouc<\/p>\n\n\n\n<p class=\"has-small-font-size\">2019&nbsp;&nbsp; Jin\u00e9 hlasy Jin\u00e9 pokoje, Galerie m\u011bsta Plzn\u011b<\/p>\n\n\n\n<p class=\"has-small-font-size\">2019-20 Pozoru Hodn\u00fd projekt, M\u011bstsk\u00e1 galerie T\u00fdn nad Vltavou (tak\u00e9 jako spolukur\u00e1torka s&nbsp;Juli\u00ed Ka\u010derovskou)<\/p>\n<\/div><\/div>\n\n\n\n<ul class=\"wp-block-list\"><li><\/li><\/ul>\n\n\n\n<h6 class=\"wp-block-heading\"><strong>Ocen\u011bn\u00ed\/nominace<\/strong><\/h6>\n\n\n\n<p>2007 Start\nPoint Prize 2007 \u2013 1. m\u00edsto<\/p>\n\n\n\n<p>2009 Cena\nJind\u0159icha Chalupeck\u00e9ho \u2013 fin\u00e1le<\/p>\n\n\n\n<p>2014 Dorothea von Stetten Kunstpreis 2014 &#8211; fin\u00e1le<\/p>\n\n\n\n<ul class=\"wp-block-list\"><li><\/li><\/ul>\n\n\n\n<h6 class=\"wp-block-heading\"><strong>Reziden\u010dn\u00ed pobyty\/stipendia<\/strong><\/h6>\n\n\n\n<p>2008&nbsp;&nbsp; &nbsp;&nbsp;&nbsp;&nbsp;&nbsp;&nbsp;&nbsp;&nbsp;&nbsp;&nbsp;&nbsp; rezidence\nKlenov\u00e1, Galerie Klatovy\/Klenov\u00e1<\/p>\n\n\n\n<p>2011&nbsp;&nbsp; &nbsp;&nbsp;&nbsp;&nbsp;&nbsp;&nbsp;&nbsp;&nbsp;&nbsp;&nbsp;&nbsp; Egon\nSchiele Art Centrum, \u010cesk\u00fd Krumlov<\/p>\n\n\n\n<p>2011&nbsp;&nbsp; &nbsp;&nbsp;&nbsp;&nbsp;&nbsp;&nbsp;&nbsp;&nbsp;&nbsp;&nbsp;&nbsp; Casa Masaccio, San Giovanni Valdarno, It<\/p>\n\n\n\n<p>2011&nbsp;&nbsp; &nbsp;&nbsp;&nbsp;&nbsp;&nbsp;&nbsp;&nbsp;&nbsp;&nbsp;&nbsp;&nbsp; Tv\u016fr\u010d\u00ed stipendium Ministerstva kultury \u010cR<\/p>\n\n\n\n<p>2017-18&nbsp;&nbsp;&nbsp;&nbsp;&nbsp;&nbsp;&nbsp;&nbsp;  Tv\u016fr\u010d\u00ed stipendium Ministerstva kultury \u010cR<\/p>\n\n\n\n<ul class=\"wp-block-list\"><li><\/li><\/ul>\n\n\n\n<h6 class=\"wp-block-heading\"><strong>Zastoupen\u00ed ve sb\u00edrk\u00e1ch<\/strong><\/h6>\n\n\n\n<p>Galerie Klatovy\/Klenov\u00e1,\nsb\u00edrka Ji\u0159\u00edho \u0160tarhy, sb\u00edrka Ji\u0159\u00edho Valocha\/Moravsk\u00e1 galerie, Casa Masaccio (San Giovanni Valdarno, It),\nGAVU Cheb<\/p>\n","protected":false},"excerpt":{"rendered":"<p>*1980 Studia 2004\u201307 V\u0160UP Praha, atelier Konceptu\u00e1ln\u00ed a intermedi\u00e1ln\u00ed tvorby Ji\u0159\u00edho Davida 1998\u201304 FaVU VUT Brno, atelier Grafiky Margity Titlov\u00e9 \/St\u00e1\u017ee\/ 2005 AVU Praha, atelier Malby Vladim\u00edra Skrepla 2004 V\u0160UP Praha, atelier Konceptu\u00e1ln\u00ed a intermedi\u00e1ln\u00ed tvorby Ji\u0159\u00edho Davida 2003\u201304 V\u0160UP Praha, atelier Malby Stanislava Divi\u0161e Samostatn\u00e9 v\u00fdstavy\/projekty \/v\u00fdb\u011br\/ 2005 &nbsp; Relace, galerie P\u016fda, Jihlava 2006 [&hellip;]<\/p>\n","protected":false},"author":1,"featured_media":0,"parent":0,"menu_order":0,"comment_status":"closed","ping_status":"closed","template":"","meta":{"footnotes":""},"class_list":["post-47","page","type-page","status-publish","hentry"],"_links":{"self":[{"href":"https:\/\/petraherotova.com\/index.php?rest_route=\/wp\/v2\/pages\/47","targetHints":{"allow":["GET"]}}],"collection":[{"href":"https:\/\/petraherotova.com\/index.php?rest_route=\/wp\/v2\/pages"}],"about":[{"href":"https:\/\/petraherotova.com\/index.php?rest_route=\/wp\/v2\/types\/page"}],"author":[{"embeddable":true,"href":"https:\/\/petraherotova.com\/index.php?rest_route=\/wp\/v2\/users\/1"}],"replies":[{"embeddable":true,"href":"https:\/\/petraherotova.com\/index.php?rest_route=%2Fwp%2Fv2%2Fcomments&post=47"}],"version-history":[{"count":0,"href":"https:\/\/petraherotova.com\/index.php?rest_route=\/wp\/v2\/pages\/47\/revisions"}],"wp:attachment":[{"href":"https:\/\/petraherotova.com\/index.php?rest_route=%2Fwp%2Fv2%2Fmedia&parent=47"}],"curies":[{"name":"wp","href":"https:\/\/api.w.org\/{rel}","templated":true}]}}