{"id":452,"date":"2020-03-22T21:48:19","date_gmt":"2020-03-22T21:48:19","guid":{"rendered":"http:\/\/34.90.220.16\/?page_id=452"},"modified":"2023-12-17T11:21:11","modified_gmt":"2023-12-17T10:21:11","slug":"karel-herot-2007","status":"publish","type":"page","link":"https:\/\/petraherotova.com\/?page_id=452","title":{"rendered":"Karel Herot, 2007"},"content":{"rendered":"\n<p>fix nebo pero na pap\u00ed\u0159e\/marker or pen on paper, 24&#215;36 cm\/A4<\/p>\n\n\n\n<figure class=\"wp-block-gallery aligncenter has-nested-images columns-1 is-cropped wp-block-gallery-1 is-layout-flex wp-block-gallery-is-layout-flex\">\n<figure class=\"wp-block-image\"><a href=\"http:\/\/petraherotova.com\/wp-content\/uploads\/2020\/03\/skenovat0028kopieb.jpg\" data-lbwps-width=\"2396\" data-lbwps-height=\"1669\" data-lbwps-srcsmall=\"https:\/\/petraherotova.com\/wp-content\/uploads\/2020\/03\/skenovat0028kopieb-300x209.jpg\"><img loading=\"lazy\" decoding=\"async\" width=\"1024\" height=\"713\" data-id=\"459\" src=\"http:\/\/petraherotova.com\/wp-content\/uploads\/2020\/03\/skenovat0028kopieb-1024x713.jpg\" alt=\"\" class=\"wp-image-459\" srcset=\"https:\/\/petraherotova.com\/wp-content\/uploads\/2020\/03\/skenovat0028kopieb-1024x713.jpg 1024w, https:\/\/petraherotova.com\/wp-content\/uploads\/2020\/03\/skenovat0028kopieb-300x209.jpg 300w, https:\/\/petraherotova.com\/wp-content\/uploads\/2020\/03\/skenovat0028kopieb-768x535.jpg 768w, https:\/\/petraherotova.com\/wp-content\/uploads\/2020\/03\/skenovat0028kopieb-1536x1070.jpg 1536w, https:\/\/petraherotova.com\/wp-content\/uploads\/2020\/03\/skenovat0028kopieb-2048x1427.jpg 2048w, https:\/\/petraherotova.com\/wp-content\/uploads\/2020\/03\/skenovat0028kopieb-1200x836.jpg 1200w, https:\/\/petraherotova.com\/wp-content\/uploads\/2020\/03\/skenovat0028kopieb-1980x1379.jpg 1980w\" sizes=\"auto, (max-width: 1024px) 100vw, 1024px\" \/><\/a><\/figure>\n\n\n\n<figure class=\"wp-block-image\"><a href=\"http:\/\/petraherotova.com\/wp-content\/uploads\/2020\/04\/Sken-12.jpeg\" data-lbwps-width=\"1105\" data-lbwps-height=\"774\" data-lbwps-srcsmall=\"https:\/\/petraherotova.com\/wp-content\/uploads\/2020\/04\/Sken-12-300x210.jpeg\"><img loading=\"lazy\" decoding=\"async\" width=\"1024\" height=\"717\" data-id=\"608\" src=\"http:\/\/petraherotova.com\/wp-content\/uploads\/2020\/04\/Sken-12-1024x717.jpeg\" alt=\"\" class=\"wp-image-608\" srcset=\"https:\/\/petraherotova.com\/wp-content\/uploads\/2020\/04\/Sken-12-1024x717.jpeg 1024w, https:\/\/petraherotova.com\/wp-content\/uploads\/2020\/04\/Sken-12-300x210.jpeg 300w, https:\/\/petraherotova.com\/wp-content\/uploads\/2020\/04\/Sken-12-768x538.jpeg 768w, https:\/\/petraherotova.com\/wp-content\/uploads\/2020\/04\/Sken-12.jpeg 1105w\" sizes=\"auto, (max-width: 1024px) 100vw, 1024px\" \/><\/a><\/figure>\n\n\n\n<figure class=\"wp-block-image\"><a href=\"http:\/\/petraherotova.com\/wp-content\/uploads\/2020\/04\/Sken-13.jpeg\" data-lbwps-width=\"1126\" data-lbwps-height=\"794\" data-lbwps-srcsmall=\"https:\/\/petraherotova.com\/wp-content\/uploads\/2020\/04\/Sken-13-300x212.jpeg\"><img loading=\"lazy\" decoding=\"async\" width=\"1024\" height=\"722\" data-id=\"609\" src=\"http:\/\/petraherotova.com\/wp-content\/uploads\/2020\/04\/Sken-13-1024x722.jpeg\" alt=\"\" class=\"wp-image-609\" srcset=\"https:\/\/petraherotova.com\/wp-content\/uploads\/2020\/04\/Sken-13-1024x722.jpeg 1024w, https:\/\/petraherotova.com\/wp-content\/uploads\/2020\/04\/Sken-13-300x212.jpeg 300w, https:\/\/petraherotova.com\/wp-content\/uploads\/2020\/04\/Sken-13-768x542.jpeg 768w, https:\/\/petraherotova.com\/wp-content\/uploads\/2020\/04\/Sken-13.jpeg 1126w\" sizes=\"auto, (max-width: 1024px) 100vw, 1024px\" \/><\/a><\/figure>\n\n\n\n<figure class=\"wp-block-image\"><a href=\"http:\/\/petraherotova.com\/wp-content\/uploads\/2020\/04\/Sken-14.jpeg\" data-lbwps-width=\"1142\" data-lbwps-height=\"782\" data-lbwps-srcsmall=\"https:\/\/petraherotova.com\/wp-content\/uploads\/2020\/04\/Sken-14-300x205.jpeg\"><img loading=\"lazy\" decoding=\"async\" width=\"1024\" height=\"701\" data-id=\"610\" src=\"http:\/\/petraherotova.com\/wp-content\/uploads\/2020\/04\/Sken-14-1024x701.jpeg\" alt=\"\" class=\"wp-image-610\" srcset=\"https:\/\/petraherotova.com\/wp-content\/uploads\/2020\/04\/Sken-14-1024x701.jpeg 1024w, https:\/\/petraherotova.com\/wp-content\/uploads\/2020\/04\/Sken-14-300x205.jpeg 300w, https:\/\/petraherotova.com\/wp-content\/uploads\/2020\/04\/Sken-14-768x526.jpeg 768w, https:\/\/petraherotova.com\/wp-content\/uploads\/2020\/04\/Sken-14.jpeg 1142w\" sizes=\"auto, (max-width: 1024px) 100vw, 1024px\" \/><\/a><\/figure>\n\n\n\n<figure class=\"wp-block-image\"><a href=\"http:\/\/petraherotova.com\/wp-content\/uploads\/2020\/04\/Sken-19.jpeg\" data-lbwps-width=\"624\" data-lbwps-height=\"460\" data-lbwps-srcsmall=\"https:\/\/petraherotova.com\/wp-content\/uploads\/2020\/04\/Sken-19-300x221.jpeg\"><img loading=\"lazy\" decoding=\"async\" width=\"624\" height=\"460\" data-id=\"611\" src=\"http:\/\/petraherotova.com\/wp-content\/uploads\/2020\/04\/Sken-19.jpeg\" alt=\"\" class=\"wp-image-611\" srcset=\"https:\/\/petraherotova.com\/wp-content\/uploads\/2020\/04\/Sken-19.jpeg 624w, https:\/\/petraherotova.com\/wp-content\/uploads\/2020\/04\/Sken-19-300x221.jpeg 300w\" sizes=\"auto, (max-width: 624px) 100vw, 624px\" \/><\/a><\/figure>\n\n\n\n<figure class=\"wp-block-image\"><a href=\"http:\/\/petraherotova.com\/wp-content\/uploads\/2020\/04\/Sken-19a.jpeg\" data-lbwps-width=\"623\" data-lbwps-height=\"465\" data-lbwps-srcsmall=\"https:\/\/petraherotova.com\/wp-content\/uploads\/2020\/04\/Sken-19a-300x224.jpeg\"><img loading=\"lazy\" decoding=\"async\" width=\"623\" height=\"465\" data-id=\"612\" src=\"http:\/\/petraherotova.com\/wp-content\/uploads\/2020\/04\/Sken-19a.jpeg\" alt=\"\" class=\"wp-image-612\" srcset=\"https:\/\/petraherotova.com\/wp-content\/uploads\/2020\/04\/Sken-19a.jpeg 623w, https:\/\/petraherotova.com\/wp-content\/uploads\/2020\/04\/Sken-19a-300x224.jpeg 300w\" sizes=\"auto, (max-width: 623px) 100vw, 623px\" \/><\/a><\/figure>\n\n\n\n<figure class=\"wp-block-image\"><a href=\"http:\/\/petraherotova.com\/wp-content\/uploads\/2020\/03\/F_017kopie2b.jpg\" data-lbwps-width=\"2472\" data-lbwps-height=\"1617\" data-lbwps-srcsmall=\"https:\/\/petraherotova.com\/wp-content\/uploads\/2020\/03\/F_017kopie2b-300x196.jpg\"><img loading=\"lazy\" decoding=\"async\" width=\"1024\" height=\"670\" data-id=\"453\" src=\"http:\/\/petraherotova.com\/wp-content\/uploads\/2020\/03\/F_017kopie2b-1024x670.jpg\" alt=\"\" class=\"wp-image-453\" srcset=\"https:\/\/petraherotova.com\/wp-content\/uploads\/2020\/03\/F_017kopie2b-1024x670.jpg 1024w, https:\/\/petraherotova.com\/wp-content\/uploads\/2020\/03\/F_017kopie2b-300x196.jpg 300w, https:\/\/petraherotova.com\/wp-content\/uploads\/2020\/03\/F_017kopie2b-768x502.jpg 768w, https:\/\/petraherotova.com\/wp-content\/uploads\/2020\/03\/F_017kopie2b-1536x1005.jpg 1536w, https:\/\/petraherotova.com\/wp-content\/uploads\/2020\/03\/F_017kopie2b-2048x1340.jpg 2048w, https:\/\/petraherotova.com\/wp-content\/uploads\/2020\/03\/F_017kopie2b-1200x785.jpg 1200w, https:\/\/petraherotova.com\/wp-content\/uploads\/2020\/03\/F_017kopie2b-1980x1295.jpg 1980w\" sizes=\"auto, (max-width: 1024px) 100vw, 1024px\" \/><\/a><figcaption class=\"wp-element-caption\">K. H. jede z p\u0159edn\u00e1\u0161ky<\/figcaption><\/figure>\n\n\n\n<figure class=\"wp-block-image\"><a href=\"http:\/\/petraherotova.com\/wp-content\/uploads\/2020\/03\/F_021kopieb.jpg\" data-lbwps-width=\"2460\" data-lbwps-height=\"1625\" data-lbwps-srcsmall=\"https:\/\/petraherotova.com\/wp-content\/uploads\/2020\/03\/F_021kopieb-300x198.jpg\"><img loading=\"lazy\" decoding=\"async\" width=\"1024\" height=\"676\" data-id=\"454\" src=\"http:\/\/petraherotova.com\/wp-content\/uploads\/2020\/03\/F_021kopieb-1024x676.jpg\" alt=\"\" class=\"wp-image-454\" srcset=\"https:\/\/petraherotova.com\/wp-content\/uploads\/2020\/03\/F_021kopieb-1024x676.jpg 1024w, https:\/\/petraherotova.com\/wp-content\/uploads\/2020\/03\/F_021kopieb-300x198.jpg 300w, https:\/\/petraherotova.com\/wp-content\/uploads\/2020\/03\/F_021kopieb-768x507.jpg 768w, https:\/\/petraherotova.com\/wp-content\/uploads\/2020\/03\/F_021kopieb-1536x1015.jpg 1536w, https:\/\/petraherotova.com\/wp-content\/uploads\/2020\/03\/F_021kopieb-2048x1353.jpg 2048w, https:\/\/petraherotova.com\/wp-content\/uploads\/2020\/03\/F_021kopieb-1200x793.jpg 1200w, https:\/\/petraherotova.com\/wp-content\/uploads\/2020\/03\/F_021kopieb-1980x1308.jpg 1980w\" sizes=\"auto, (max-width: 1024px) 100vw, 1024px\" \/><\/a><figcaption class=\"wp-element-caption\">K. H. vede tane\u010dn\u00ed krou\u017eek<\/figcaption><\/figure>\n\n\n\n<figure class=\"wp-block-image\"><a href=\"http:\/\/petraherotova.com\/wp-content\/uploads\/2020\/03\/F_028kopieb.jpg\" data-lbwps-width=\"2460\" data-lbwps-height=\"1625\" data-lbwps-srcsmall=\"https:\/\/petraherotova.com\/wp-content\/uploads\/2020\/03\/F_028kopieb-300x198.jpg\"><img loading=\"lazy\" decoding=\"async\" width=\"1024\" height=\"676\" data-id=\"455\" src=\"http:\/\/petraherotova.com\/wp-content\/uploads\/2020\/03\/F_028kopieb-1024x676.jpg\" alt=\"\" class=\"wp-image-455\" srcset=\"https:\/\/petraherotova.com\/wp-content\/uploads\/2020\/03\/F_028kopieb-1024x676.jpg 1024w, https:\/\/petraherotova.com\/wp-content\/uploads\/2020\/03\/F_028kopieb-300x198.jpg 300w, https:\/\/petraherotova.com\/wp-content\/uploads\/2020\/03\/F_028kopieb-768x507.jpg 768w, https:\/\/petraherotova.com\/wp-content\/uploads\/2020\/03\/F_028kopieb-1536x1015.jpg 1536w, https:\/\/petraherotova.com\/wp-content\/uploads\/2020\/03\/F_028kopieb-2048x1353.jpg 2048w, https:\/\/petraherotova.com\/wp-content\/uploads\/2020\/03\/F_028kopieb-1200x793.jpg 1200w, https:\/\/petraherotova.com\/wp-content\/uploads\/2020\/03\/F_028kopieb-1980x1308.jpg 1980w\" sizes=\"auto, (max-width: 1024px) 100vw, 1024px\" \/><\/a><figcaption class=\"wp-element-caption\">K. H. se chyst\u00e1 na p\u0159edn\u00e1\u0161ku<\/figcaption><\/figure>\n\n\n\n<figure class=\"wp-block-image\"><a href=\"http:\/\/petraherotova.com\/wp-content\/uploads\/2020\/03\/F_029bkopieb.jpg\" data-lbwps-width=\"2457\" data-lbwps-height=\"1627\" data-lbwps-srcsmall=\"https:\/\/petraherotova.com\/wp-content\/uploads\/2020\/03\/F_029bkopieb-300x199.jpg\"><img loading=\"lazy\" decoding=\"async\" width=\"1024\" height=\"678\" data-id=\"456\" src=\"http:\/\/petraherotova.com\/wp-content\/uploads\/2020\/03\/F_029bkopieb-1024x678.jpg\" alt=\"\" class=\"wp-image-456\" srcset=\"https:\/\/petraherotova.com\/wp-content\/uploads\/2020\/03\/F_029bkopieb-1024x678.jpg 1024w, https:\/\/petraherotova.com\/wp-content\/uploads\/2020\/03\/F_029bkopieb-300x199.jpg 300w, https:\/\/petraherotova.com\/wp-content\/uploads\/2020\/03\/F_029bkopieb-768x509.jpg 768w, https:\/\/petraherotova.com\/wp-content\/uploads\/2020\/03\/F_029bkopieb-1536x1017.jpg 1536w, https:\/\/petraherotova.com\/wp-content\/uploads\/2020\/03\/F_029bkopieb-2048x1356.jpg 2048w, https:\/\/petraherotova.com\/wp-content\/uploads\/2020\/03\/F_029bkopieb-1200x795.jpg 1200w, https:\/\/petraherotova.com\/wp-content\/uploads\/2020\/03\/F_029bkopieb-1980x1311.jpg 1980w\" sizes=\"auto, (max-width: 1024px) 100vw, 1024px\" \/><\/a><figcaption class=\"wp-element-caption\">K. H. secvi\u010duje divadlo<\/figcaption><\/figure>\n\n\n\n<figure class=\"wp-block-image\"><a href=\"http:\/\/petraherotova.com\/wp-content\/uploads\/2020\/03\/F_030kopieb.jpg\" data-lbwps-width=\"2457\" data-lbwps-height=\"1627\" data-lbwps-srcsmall=\"https:\/\/petraherotova.com\/wp-content\/uploads\/2020\/03\/F_030kopieb-300x199.jpg\"><img loading=\"lazy\" decoding=\"async\" width=\"1024\" height=\"678\" data-id=\"457\" src=\"http:\/\/petraherotova.com\/wp-content\/uploads\/2020\/03\/F_030kopieb-1024x678.jpg\" alt=\"\" class=\"wp-image-457\" srcset=\"https:\/\/petraherotova.com\/wp-content\/uploads\/2020\/03\/F_030kopieb-1024x678.jpg 1024w, https:\/\/petraherotova.com\/wp-content\/uploads\/2020\/03\/F_030kopieb-300x199.jpg 300w, https:\/\/petraherotova.com\/wp-content\/uploads\/2020\/03\/F_030kopieb-768x509.jpg 768w, https:\/\/petraherotova.com\/wp-content\/uploads\/2020\/03\/F_030kopieb-1536x1017.jpg 1536w, https:\/\/petraherotova.com\/wp-content\/uploads\/2020\/03\/F_030kopieb-2048x1356.jpg 2048w, https:\/\/petraherotova.com\/wp-content\/uploads\/2020\/03\/F_030kopieb-1200x795.jpg 1200w, https:\/\/petraherotova.com\/wp-content\/uploads\/2020\/03\/F_030kopieb-1980x1311.jpg 1980w\" sizes=\"auto, (max-width: 1024px) 100vw, 1024px\" \/><\/a><figcaption class=\"wp-element-caption\">K. H. p\u0159edn\u00e1\u0161\u00ed<\/figcaption><\/figure>\n<\/figure>\n","protected":false},"excerpt":{"rendered":"<p>fix nebo pero na pap\u00ed\u0159e\/marker or pen on paper, 24&#215;36 cm\/A4<\/p>\n","protected":false},"author":2,"featured_media":0,"parent":0,"menu_order":0,"comment_status":"closed","ping_status":"closed","template":"","meta":{"footnotes":""},"class_list":["post-452","page","type-page","status-publish","hentry"],"_links":{"self":[{"href":"https:\/\/petraherotova.com\/index.php?rest_route=\/wp\/v2\/pages\/452","targetHints":{"allow":["GET"]}}],"collection":[{"href":"https:\/\/petraherotova.com\/index.php?rest_route=\/wp\/v2\/pages"}],"about":[{"href":"https:\/\/petraherotova.com\/index.php?rest_route=\/wp\/v2\/types\/page"}],"author":[{"embeddable":true,"href":"https:\/\/petraherotova.com\/index.php?rest_route=\/wp\/v2\/users\/2"}],"replies":[{"embeddable":true,"href":"https:\/\/petraherotova.com\/index.php?rest_route=%2Fwp%2Fv2%2Fcomments&post=452"}],"version-history":[{"count":1,"href":"https:\/\/petraherotova.com\/index.php?rest_route=\/wp\/v2\/pages\/452\/revisions"}],"predecessor-version":[{"id":1122,"href":"https:\/\/petraherotova.com\/index.php?rest_route=\/wp\/v2\/pages\/452\/revisions\/1122"}],"wp:attachment":[{"href":"https:\/\/petraherotova.com\/index.php?rest_route=%2Fwp%2Fv2%2Fmedia&parent=452"}],"curies":[{"name":"wp","href":"https:\/\/api.w.org\/{rel}","templated":true}]}}