{"id":416,"date":"2020-03-22T20:18:56","date_gmt":"2020-03-22T20:18:56","guid":{"rendered":"http:\/\/34.90.220.16\/?page_id=416"},"modified":"2023-12-17T11:22:23","modified_gmt":"2023-12-17T10:22:23","slug":"rozbor-obrazu-image-analysis-2011-12","status":"publish","type":"page","link":"https:\/\/petraherotova.com\/?page_id=416","title":{"rendered":"Rozbor obrazu\/Image Analysis, 2011-12"},"content":{"rendered":"\n<p>tu\u0161 na pap\u00ed\u0159e\/ink on paper, 30&#215;42 cm<\/p>\n\n\n\n<figure class=\"wp-block-gallery aligncenter has-nested-images columns-2 is-cropped wp-block-gallery-1 is-layout-flex wp-block-gallery-is-layout-flex\">\n<figure class=\"wp-block-image size-large\"><a href=\"http:\/\/petraherotova.com\/wp-content\/uploads\/2020\/03\/f_01-1.jpg\" data-lbwps-width=\"822\" data-lbwps-height=\"587\" data-lbwps-srcsmall=\"https:\/\/petraherotova.com\/wp-content\/uploads\/2020\/03\/f_01-1-300x214.jpg\"><img loading=\"lazy\" decoding=\"async\" width=\"822\" height=\"587\" data-id=\"417\" src=\"http:\/\/petraherotova.com\/wp-content\/uploads\/2020\/03\/f_01-1.jpg\" alt=\"\" class=\"wp-image-417\" srcset=\"https:\/\/petraherotova.com\/wp-content\/uploads\/2020\/03\/f_01-1.jpg 822w, https:\/\/petraherotova.com\/wp-content\/uploads\/2020\/03\/f_01-1-300x214.jpg 300w, https:\/\/petraherotova.com\/wp-content\/uploads\/2020\/03\/f_01-1-768x548.jpg 768w\" sizes=\"auto, (max-width: 822px) 100vw, 822px\" \/><\/a><\/figure>\n\n\n\n<figure class=\"wp-block-image size-large\"><a href=\"http:\/\/petraherotova.com\/wp-content\/uploads\/2020\/03\/f_02-1.jpg\" data-lbwps-width=\"822\" data-lbwps-height=\"587\" data-lbwps-srcsmall=\"https:\/\/petraherotova.com\/wp-content\/uploads\/2020\/03\/f_02-1-300x214.jpg\"><img loading=\"lazy\" decoding=\"async\" width=\"822\" height=\"587\" data-id=\"418\" src=\"http:\/\/petraherotova.com\/wp-content\/uploads\/2020\/03\/f_02-1.jpg\" alt=\"\" class=\"wp-image-418\" srcset=\"https:\/\/petraherotova.com\/wp-content\/uploads\/2020\/03\/f_02-1.jpg 822w, https:\/\/petraherotova.com\/wp-content\/uploads\/2020\/03\/f_02-1-300x214.jpg 300w, https:\/\/petraherotova.com\/wp-content\/uploads\/2020\/03\/f_02-1-768x548.jpg 768w\" sizes=\"auto, (max-width: 822px) 100vw, 822px\" \/><\/a><\/figure>\n\n\n\n<figure class=\"wp-block-image size-large\"><a href=\"http:\/\/petraherotova.com\/wp-content\/uploads\/2020\/03\/f_03-1.jpg\" data-lbwps-width=\"822\" data-lbwps-height=\"587\" data-lbwps-srcsmall=\"https:\/\/petraherotova.com\/wp-content\/uploads\/2020\/03\/f_03-1-300x214.jpg\"><img loading=\"lazy\" decoding=\"async\" width=\"822\" height=\"587\" data-id=\"419\" src=\"http:\/\/petraherotova.com\/wp-content\/uploads\/2020\/03\/f_03-1.jpg\" alt=\"\" class=\"wp-image-419\" srcset=\"https:\/\/petraherotova.com\/wp-content\/uploads\/2020\/03\/f_03-1.jpg 822w, https:\/\/petraherotova.com\/wp-content\/uploads\/2020\/03\/f_03-1-300x214.jpg 300w, https:\/\/petraherotova.com\/wp-content\/uploads\/2020\/03\/f_03-1-768x548.jpg 768w\" sizes=\"auto, (max-width: 822px) 100vw, 822px\" \/><\/a><\/figure>\n\n\n\n<figure class=\"wp-block-image size-large\"><a href=\"http:\/\/petraherotova.com\/wp-content\/uploads\/2020\/03\/f_04-1.jpg\" data-lbwps-width=\"822\" data-lbwps-height=\"587\" data-lbwps-srcsmall=\"https:\/\/petraherotova.com\/wp-content\/uploads\/2020\/03\/f_04-1-300x214.jpg\"><img loading=\"lazy\" decoding=\"async\" width=\"822\" height=\"587\" data-id=\"420\" src=\"http:\/\/petraherotova.com\/wp-content\/uploads\/2020\/03\/f_04-1.jpg\" alt=\"\" class=\"wp-image-420\" srcset=\"https:\/\/petraherotova.com\/wp-content\/uploads\/2020\/03\/f_04-1.jpg 822w, https:\/\/petraherotova.com\/wp-content\/uploads\/2020\/03\/f_04-1-300x214.jpg 300w, https:\/\/petraherotova.com\/wp-content\/uploads\/2020\/03\/f_04-1-768x548.jpg 768w\" sizes=\"auto, (max-width: 822px) 100vw, 822px\" \/><\/a><\/figure>\n\n\n\n<figure class=\"wp-block-image size-large\"><a href=\"http:\/\/petraherotova.com\/wp-content\/uploads\/2020\/03\/f_05-1.jpg\" data-lbwps-width=\"822\" data-lbwps-height=\"581\" data-lbwps-srcsmall=\"https:\/\/petraherotova.com\/wp-content\/uploads\/2020\/03\/f_05-1-300x212.jpg\"><img loading=\"lazy\" decoding=\"async\" width=\"822\" height=\"581\" data-id=\"421\" src=\"http:\/\/petraherotova.com\/wp-content\/uploads\/2020\/03\/f_05-1.jpg\" alt=\"\" class=\"wp-image-421\" srcset=\"https:\/\/petraherotova.com\/wp-content\/uploads\/2020\/03\/f_05-1.jpg 822w, https:\/\/petraherotova.com\/wp-content\/uploads\/2020\/03\/f_05-1-300x212.jpg 300w, https:\/\/petraherotova.com\/wp-content\/uploads\/2020\/03\/f_05-1-768x543.jpg 768w\" sizes=\"auto, (max-width: 822px) 100vw, 822px\" \/><\/a><\/figure>\n\n\n\n<figure class=\"wp-block-image size-large\"><a href=\"http:\/\/petraherotova.com\/wp-content\/uploads\/2020\/03\/f_06-1.jpg\" data-lbwps-width=\"822\" data-lbwps-height=\"587\" data-lbwps-srcsmall=\"https:\/\/petraherotova.com\/wp-content\/uploads\/2020\/03\/f_06-1-300x214.jpg\"><img loading=\"lazy\" decoding=\"async\" width=\"822\" height=\"587\" data-id=\"422\" src=\"http:\/\/petraherotova.com\/wp-content\/uploads\/2020\/03\/f_06-1.jpg\" alt=\"\" class=\"wp-image-422\" srcset=\"https:\/\/petraherotova.com\/wp-content\/uploads\/2020\/03\/f_06-1.jpg 822w, https:\/\/petraherotova.com\/wp-content\/uploads\/2020\/03\/f_06-1-300x214.jpg 300w, https:\/\/petraherotova.com\/wp-content\/uploads\/2020\/03\/f_06-1-768x548.jpg 768w\" sizes=\"auto, (max-width: 822px) 100vw, 822px\" \/><\/a><\/figure>\n\n\n\n<figure class=\"wp-block-image size-large\"><a href=\"http:\/\/petraherotova.com\/wp-content\/uploads\/2020\/03\/f_07.jpg\" data-lbwps-width=\"822\" data-lbwps-height=\"587\" data-lbwps-srcsmall=\"https:\/\/petraherotova.com\/wp-content\/uploads\/2020\/03\/f_07-300x214.jpg\"><img loading=\"lazy\" decoding=\"async\" width=\"822\" height=\"587\" data-id=\"423\" src=\"http:\/\/petraherotova.com\/wp-content\/uploads\/2020\/03\/f_07.jpg\" alt=\"\" class=\"wp-image-423\" srcset=\"https:\/\/petraherotova.com\/wp-content\/uploads\/2020\/03\/f_07.jpg 822w, https:\/\/petraherotova.com\/wp-content\/uploads\/2020\/03\/f_07-300x214.jpg 300w, https:\/\/petraherotova.com\/wp-content\/uploads\/2020\/03\/f_07-768x548.jpg 768w\" sizes=\"auto, (max-width: 822px) 100vw, 822px\" \/><\/a><\/figure>\n\n\n\n<figure class=\"wp-block-image size-large\"><a href=\"http:\/\/petraherotova.com\/wp-content\/uploads\/2020\/03\/f_08.jpg\" data-lbwps-width=\"822\" data-lbwps-height=\"587\" data-lbwps-srcsmall=\"https:\/\/petraherotova.com\/wp-content\/uploads\/2020\/03\/f_08-300x214.jpg\"><img loading=\"lazy\" decoding=\"async\" width=\"822\" height=\"587\" data-id=\"424\" src=\"http:\/\/petraherotova.com\/wp-content\/uploads\/2020\/03\/f_08.jpg\" alt=\"\" class=\"wp-image-424\" srcset=\"https:\/\/petraherotova.com\/wp-content\/uploads\/2020\/03\/f_08.jpg 822w, https:\/\/petraherotova.com\/wp-content\/uploads\/2020\/03\/f_08-300x214.jpg 300w, https:\/\/petraherotova.com\/wp-content\/uploads\/2020\/03\/f_08-768x548.jpg 768w\" sizes=\"auto, (max-width: 822px) 100vw, 822px\" \/><\/a><\/figure>\n\n\n\n<figure class=\"wp-block-image size-large\"><a href=\"http:\/\/petraherotova.com\/wp-content\/uploads\/2020\/03\/f_09.jpg\" data-lbwps-width=\"822\" data-lbwps-height=\"587\" data-lbwps-srcsmall=\"https:\/\/petraherotova.com\/wp-content\/uploads\/2020\/03\/f_09-300x214.jpg\"><img loading=\"lazy\" decoding=\"async\" width=\"822\" height=\"587\" data-id=\"425\" src=\"http:\/\/petraherotova.com\/wp-content\/uploads\/2020\/03\/f_09.jpg\" alt=\"\" class=\"wp-image-425\" srcset=\"https:\/\/petraherotova.com\/wp-content\/uploads\/2020\/03\/f_09.jpg 822w, https:\/\/petraherotova.com\/wp-content\/uploads\/2020\/03\/f_09-300x214.jpg 300w, https:\/\/petraherotova.com\/wp-content\/uploads\/2020\/03\/f_09-768x548.jpg 768w\" sizes=\"auto, (max-width: 822px) 100vw, 822px\" \/><\/a><\/figure>\n\n\n\n<figure class=\"wp-block-image size-large\"><a href=\"http:\/\/petraherotova.com\/wp-content\/uploads\/2020\/03\/f_10.jpg\" data-lbwps-width=\"822\" data-lbwps-height=\"587\" data-lbwps-srcsmall=\"https:\/\/petraherotova.com\/wp-content\/uploads\/2020\/03\/f_10-300x214.jpg\"><img loading=\"lazy\" decoding=\"async\" width=\"822\" height=\"587\" data-id=\"426\" src=\"http:\/\/petraherotova.com\/wp-content\/uploads\/2020\/03\/f_10.jpg\" alt=\"\" class=\"wp-image-426\" srcset=\"https:\/\/petraherotova.com\/wp-content\/uploads\/2020\/03\/f_10.jpg 822w, https:\/\/petraherotova.com\/wp-content\/uploads\/2020\/03\/f_10-300x214.jpg 300w, https:\/\/petraherotova.com\/wp-content\/uploads\/2020\/03\/f_10-768x548.jpg 768w\" sizes=\"auto, (max-width: 822px) 100vw, 822px\" \/><\/a><\/figure>\n\n\n\n<figure class=\"wp-block-image size-large\"><a href=\"http:\/\/petraherotova.com\/wp-content\/uploads\/2020\/03\/f_11.jpg\" data-lbwps-width=\"822\" data-lbwps-height=\"587\" data-lbwps-srcsmall=\"https:\/\/petraherotova.com\/wp-content\/uploads\/2020\/03\/f_11-300x214.jpg\"><img loading=\"lazy\" decoding=\"async\" width=\"822\" height=\"587\" data-id=\"427\" src=\"http:\/\/petraherotova.com\/wp-content\/uploads\/2020\/03\/f_11.jpg\" alt=\"\" class=\"wp-image-427\" srcset=\"https:\/\/petraherotova.com\/wp-content\/uploads\/2020\/03\/f_11.jpg 822w, https:\/\/petraherotova.com\/wp-content\/uploads\/2020\/03\/f_11-300x214.jpg 300w, https:\/\/petraherotova.com\/wp-content\/uploads\/2020\/03\/f_11-768x548.jpg 768w\" sizes=\"auto, (max-width: 822px) 100vw, 822px\" \/><\/a><\/figure>\n\n\n\n<figure class=\"wp-block-image size-large\"><a href=\"http:\/\/petraherotova.com\/wp-content\/uploads\/2020\/03\/f_12.jpg\" data-lbwps-width=\"822\" data-lbwps-height=\"587\" data-lbwps-srcsmall=\"https:\/\/petraherotova.com\/wp-content\/uploads\/2020\/03\/f_12-300x214.jpg\"><img loading=\"lazy\" decoding=\"async\" width=\"822\" height=\"587\" data-id=\"428\" src=\"http:\/\/petraherotova.com\/wp-content\/uploads\/2020\/03\/f_12.jpg\" alt=\"\" class=\"wp-image-428\" srcset=\"https:\/\/petraherotova.com\/wp-content\/uploads\/2020\/03\/f_12.jpg 822w, https:\/\/petraherotova.com\/wp-content\/uploads\/2020\/03\/f_12-300x214.jpg 300w, https:\/\/petraherotova.com\/wp-content\/uploads\/2020\/03\/f_12-768x548.jpg 768w\" sizes=\"auto, (max-width: 822px) 100vw, 822px\" \/><\/a><\/figure>\n\n\n\n<figure class=\"wp-block-image size-large\"><a href=\"http:\/\/petraherotova.com\/wp-content\/uploads\/2020\/03\/f_13.jpg\" data-lbwps-width=\"822\" data-lbwps-height=\"587\" data-lbwps-srcsmall=\"https:\/\/petraherotova.com\/wp-content\/uploads\/2020\/03\/f_13-300x214.jpg\"><img loading=\"lazy\" decoding=\"async\" width=\"822\" height=\"587\" data-id=\"429\" src=\"http:\/\/petraherotova.com\/wp-content\/uploads\/2020\/03\/f_13.jpg\" alt=\"\" class=\"wp-image-429\" srcset=\"https:\/\/petraherotova.com\/wp-content\/uploads\/2020\/03\/f_13.jpg 822w, https:\/\/petraherotova.com\/wp-content\/uploads\/2020\/03\/f_13-300x214.jpg 300w, https:\/\/petraherotova.com\/wp-content\/uploads\/2020\/03\/f_13-768x548.jpg 768w\" sizes=\"auto, (max-width: 822px) 100vw, 822px\" \/><\/a><\/figure>\n\n\n\n<figure class=\"wp-block-image size-large\"><a href=\"http:\/\/petraherotova.com\/wp-content\/uploads\/2020\/03\/f_14.jpg\" data-lbwps-width=\"822\" data-lbwps-height=\"587\" data-lbwps-srcsmall=\"https:\/\/petraherotova.com\/wp-content\/uploads\/2020\/03\/f_14-300x214.jpg\"><img loading=\"lazy\" decoding=\"async\" width=\"822\" height=\"587\" data-id=\"430\" src=\"http:\/\/petraherotova.com\/wp-content\/uploads\/2020\/03\/f_14.jpg\" alt=\"\" class=\"wp-image-430\" srcset=\"https:\/\/petraherotova.com\/wp-content\/uploads\/2020\/03\/f_14.jpg 822w, https:\/\/petraherotova.com\/wp-content\/uploads\/2020\/03\/f_14-300x214.jpg 300w, https:\/\/petraherotova.com\/wp-content\/uploads\/2020\/03\/f_14-768x548.jpg 768w\" sizes=\"auto, (max-width: 822px) 100vw, 822px\" \/><\/a><\/figure>\n\n\n\n<figure class=\"wp-block-image size-large\"><a href=\"http:\/\/petraherotova.com\/wp-content\/uploads\/2020\/03\/f_15.jpg\" data-lbwps-width=\"822\" data-lbwps-height=\"587\" data-lbwps-srcsmall=\"https:\/\/petraherotova.com\/wp-content\/uploads\/2020\/03\/f_15-300x214.jpg\"><img loading=\"lazy\" decoding=\"async\" width=\"822\" height=\"587\" data-id=\"431\" src=\"http:\/\/petraherotova.com\/wp-content\/uploads\/2020\/03\/f_15.jpg\" alt=\"\" class=\"wp-image-431\" srcset=\"https:\/\/petraherotova.com\/wp-content\/uploads\/2020\/03\/f_15.jpg 822w, https:\/\/petraherotova.com\/wp-content\/uploads\/2020\/03\/f_15-300x214.jpg 300w, https:\/\/petraherotova.com\/wp-content\/uploads\/2020\/03\/f_15-768x548.jpg 768w\" sizes=\"auto, (max-width: 822px) 100vw, 822px\" \/><\/a><\/figure>\n\n\n\n<figure class=\"wp-block-image size-large\"><a href=\"http:\/\/petraherotova.com\/wp-content\/uploads\/2020\/03\/f_16.jpg\" data-lbwps-width=\"822\" data-lbwps-height=\"587\" data-lbwps-srcsmall=\"https:\/\/petraherotova.com\/wp-content\/uploads\/2020\/03\/f_16-300x214.jpg\"><img loading=\"lazy\" decoding=\"async\" width=\"822\" height=\"587\" data-id=\"432\" src=\"http:\/\/petraherotova.com\/wp-content\/uploads\/2020\/03\/f_16.jpg\" alt=\"\" class=\"wp-image-432\" srcset=\"https:\/\/petraherotova.com\/wp-content\/uploads\/2020\/03\/f_16.jpg 822w, https:\/\/petraherotova.com\/wp-content\/uploads\/2020\/03\/f_16-300x214.jpg 300w, https:\/\/petraherotova.com\/wp-content\/uploads\/2020\/03\/f_16-768x548.jpg 768w\" sizes=\"auto, (max-width: 822px) 100vw, 822px\" \/><\/a><\/figure>\n\n\n\n<figure class=\"wp-block-image size-large\"><a href=\"http:\/\/petraherotova.com\/wp-content\/uploads\/2020\/03\/f_17.jpg\" data-lbwps-width=\"822\" data-lbwps-height=\"587\" data-lbwps-srcsmall=\"https:\/\/petraherotova.com\/wp-content\/uploads\/2020\/03\/f_17-300x214.jpg\"><img loading=\"lazy\" decoding=\"async\" width=\"822\" height=\"587\" data-id=\"433\" src=\"http:\/\/petraherotova.com\/wp-content\/uploads\/2020\/03\/f_17.jpg\" alt=\"\" class=\"wp-image-433\" srcset=\"https:\/\/petraherotova.com\/wp-content\/uploads\/2020\/03\/f_17.jpg 822w, https:\/\/petraherotova.com\/wp-content\/uploads\/2020\/03\/f_17-300x214.jpg 300w, https:\/\/petraherotova.com\/wp-content\/uploads\/2020\/03\/f_17-768x548.jpg 768w\" sizes=\"auto, (max-width: 822px) 100vw, 822px\" \/><\/a><\/figure>\n\n\n\n<figure class=\"wp-block-image size-large\"><a href=\"http:\/\/petraherotova.com\/wp-content\/uploads\/2020\/03\/f_18.jpg\" data-lbwps-width=\"822\" data-lbwps-height=\"587\" data-lbwps-srcsmall=\"https:\/\/petraherotova.com\/wp-content\/uploads\/2020\/03\/f_18-300x214.jpg\"><img loading=\"lazy\" decoding=\"async\" width=\"822\" height=\"587\" data-id=\"434\" src=\"http:\/\/petraherotova.com\/wp-content\/uploads\/2020\/03\/f_18.jpg\" alt=\"\" class=\"wp-image-434\" srcset=\"https:\/\/petraherotova.com\/wp-content\/uploads\/2020\/03\/f_18.jpg 822w, https:\/\/petraherotova.com\/wp-content\/uploads\/2020\/03\/f_18-300x214.jpg 300w, https:\/\/petraherotova.com\/wp-content\/uploads\/2020\/03\/f_18-768x548.jpg 768w\" sizes=\"auto, (max-width: 822px) 100vw, 822px\" \/><\/a><\/figure>\n\n\n\n<figure class=\"wp-block-image size-large\"><a href=\"http:\/\/petraherotova.com\/wp-content\/uploads\/2020\/03\/f_19.jpg\" data-lbwps-width=\"822\" data-lbwps-height=\"587\" data-lbwps-srcsmall=\"https:\/\/petraherotova.com\/wp-content\/uploads\/2020\/03\/f_19-300x214.jpg\"><img loading=\"lazy\" decoding=\"async\" width=\"822\" height=\"587\" data-id=\"435\" src=\"http:\/\/petraherotova.com\/wp-content\/uploads\/2020\/03\/f_19.jpg\" alt=\"\" class=\"wp-image-435\" srcset=\"https:\/\/petraherotova.com\/wp-content\/uploads\/2020\/03\/f_19.jpg 822w, https:\/\/petraherotova.com\/wp-content\/uploads\/2020\/03\/f_19-300x214.jpg 300w, https:\/\/petraherotova.com\/wp-content\/uploads\/2020\/03\/f_19-768x548.jpg 768w\" sizes=\"auto, (max-width: 822px) 100vw, 822px\" \/><\/a><\/figure>\n\n\n\n<figure class=\"wp-block-image size-large\"><a href=\"http:\/\/petraherotova.com\/wp-content\/uploads\/2020\/03\/f_20.jpg\" data-lbwps-width=\"822\" data-lbwps-height=\"587\" data-lbwps-srcsmall=\"https:\/\/petraherotova.com\/wp-content\/uploads\/2020\/03\/f_20-300x214.jpg\"><img loading=\"lazy\" decoding=\"async\" width=\"822\" height=\"587\" data-id=\"436\" src=\"http:\/\/petraherotova.com\/wp-content\/uploads\/2020\/03\/f_20.jpg\" alt=\"\" class=\"wp-image-436\" srcset=\"https:\/\/petraherotova.com\/wp-content\/uploads\/2020\/03\/f_20.jpg 822w, https:\/\/petraherotova.com\/wp-content\/uploads\/2020\/03\/f_20-300x214.jpg 300w, https:\/\/petraherotova.com\/wp-content\/uploads\/2020\/03\/f_20-768x548.jpg 768w\" sizes=\"auto, (max-width: 822px) 100vw, 822px\" \/><\/a><\/figure>\n\n\n\n<figure class=\"wp-block-image size-large\"><a href=\"http:\/\/petraherotova.com\/wp-content\/uploads\/2020\/03\/f_21.jpg\" data-lbwps-width=\"822\" data-lbwps-height=\"587\" data-lbwps-srcsmall=\"https:\/\/petraherotova.com\/wp-content\/uploads\/2020\/03\/f_21-300x214.jpg\"><img loading=\"lazy\" decoding=\"async\" width=\"822\" height=\"587\" data-id=\"437\" src=\"http:\/\/petraherotova.com\/wp-content\/uploads\/2020\/03\/f_21.jpg\" alt=\"\" class=\"wp-image-437\" srcset=\"https:\/\/petraherotova.com\/wp-content\/uploads\/2020\/03\/f_21.jpg 822w, https:\/\/petraherotova.com\/wp-content\/uploads\/2020\/03\/f_21-300x214.jpg 300w, https:\/\/petraherotova.com\/wp-content\/uploads\/2020\/03\/f_21-768x548.jpg 768w\" sizes=\"auto, (max-width: 822px) 100vw, 822px\" \/><\/a><\/figure>\n\n\n\n<figure class=\"wp-block-image size-large\"><a href=\"http:\/\/petraherotova.com\/wp-content\/uploads\/2020\/03\/f_22.jpg\" data-lbwps-width=\"822\" data-lbwps-height=\"587\" data-lbwps-srcsmall=\"https:\/\/petraherotova.com\/wp-content\/uploads\/2020\/03\/f_22-300x214.jpg\"><img loading=\"lazy\" decoding=\"async\" width=\"822\" height=\"587\" data-id=\"438\" src=\"http:\/\/petraherotova.com\/wp-content\/uploads\/2020\/03\/f_22.jpg\" alt=\"\" class=\"wp-image-438\" srcset=\"https:\/\/petraherotova.com\/wp-content\/uploads\/2020\/03\/f_22.jpg 822w, https:\/\/petraherotova.com\/wp-content\/uploads\/2020\/03\/f_22-300x214.jpg 300w, https:\/\/petraherotova.com\/wp-content\/uploads\/2020\/03\/f_22-768x548.jpg 768w\" sizes=\"auto, (max-width: 822px) 100vw, 822px\" \/><\/a><\/figure>\n\n\n\n<figure class=\"wp-block-image size-large\"><a href=\"http:\/\/petraherotova.com\/wp-content\/uploads\/2020\/03\/f_23.jpg\" data-lbwps-width=\"822\" data-lbwps-height=\"571\" data-lbwps-srcsmall=\"https:\/\/petraherotova.com\/wp-content\/uploads\/2020\/03\/f_23-300x208.jpg\"><img loading=\"lazy\" decoding=\"async\" width=\"822\" height=\"571\" data-id=\"439\" src=\"http:\/\/petraherotova.com\/wp-content\/uploads\/2020\/03\/f_23.jpg\" alt=\"\" class=\"wp-image-439\" srcset=\"https:\/\/petraherotova.com\/wp-content\/uploads\/2020\/03\/f_23.jpg 822w, https:\/\/petraherotova.com\/wp-content\/uploads\/2020\/03\/f_23-300x208.jpg 300w, https:\/\/petraherotova.com\/wp-content\/uploads\/2020\/03\/f_23-768x533.jpg 768w\" sizes=\"auto, (max-width: 822px) 100vw, 822px\" \/><\/a><\/figure>\n\n\n\n<figure class=\"wp-block-image size-large\"><a href=\"http:\/\/petraherotova.com\/wp-content\/uploads\/2020\/03\/f_24.jpg\" data-lbwps-width=\"822\" data-lbwps-height=\"573\" data-lbwps-srcsmall=\"https:\/\/petraherotova.com\/wp-content\/uploads\/2020\/03\/f_24-300x209.jpg\"><img loading=\"lazy\" decoding=\"async\" width=\"822\" height=\"573\" data-id=\"440\" src=\"http:\/\/petraherotova.com\/wp-content\/uploads\/2020\/03\/f_24.jpg\" alt=\"\" class=\"wp-image-440\" srcset=\"https:\/\/petraherotova.com\/wp-content\/uploads\/2020\/03\/f_24.jpg 822w, https:\/\/petraherotova.com\/wp-content\/uploads\/2020\/03\/f_24-300x209.jpg 300w, https:\/\/petraherotova.com\/wp-content\/uploads\/2020\/03\/f_24-768x535.jpg 768w\" sizes=\"auto, (max-width: 822px) 100vw, 822px\" \/><\/a><\/figure>\n\n\n\n<figure class=\"wp-block-image size-large\"><a href=\"http:\/\/petraherotova.com\/wp-content\/uploads\/2020\/03\/f_25.jpg\" data-lbwps-width=\"822\" data-lbwps-height=\"571\" data-lbwps-srcsmall=\"https:\/\/petraherotova.com\/wp-content\/uploads\/2020\/03\/f_25-300x208.jpg\"><img loading=\"lazy\" decoding=\"async\" width=\"822\" height=\"571\" data-id=\"441\" src=\"http:\/\/petraherotova.com\/wp-content\/uploads\/2020\/03\/f_25.jpg\" alt=\"\" class=\"wp-image-441\" srcset=\"https:\/\/petraherotova.com\/wp-content\/uploads\/2020\/03\/f_25.jpg 822w, https:\/\/petraherotova.com\/wp-content\/uploads\/2020\/03\/f_25-300x208.jpg 300w, https:\/\/petraherotova.com\/wp-content\/uploads\/2020\/03\/f_25-768x533.jpg 768w\" sizes=\"auto, (max-width: 822px) 100vw, 822px\" \/><\/a><\/figure>\n\n\n\n<figure class=\"wp-block-image size-large\"><a href=\"http:\/\/petraherotova.com\/wp-content\/uploads\/2020\/03\/f_26.jpg\" data-lbwps-width=\"822\" data-lbwps-height=\"571\" data-lbwps-srcsmall=\"https:\/\/petraherotova.com\/wp-content\/uploads\/2020\/03\/f_26-300x208.jpg\"><img loading=\"lazy\" decoding=\"async\" width=\"822\" height=\"571\" data-id=\"442\" src=\"http:\/\/petraherotova.com\/wp-content\/uploads\/2020\/03\/f_26.jpg\" alt=\"\" class=\"wp-image-442\" srcset=\"https:\/\/petraherotova.com\/wp-content\/uploads\/2020\/03\/f_26.jpg 822w, https:\/\/petraherotova.com\/wp-content\/uploads\/2020\/03\/f_26-300x208.jpg 300w, https:\/\/petraherotova.com\/wp-content\/uploads\/2020\/03\/f_26-768x533.jpg 768w\" sizes=\"auto, (max-width: 822px) 100vw, 822px\" \/><\/a><\/figure>\n\n\n\n<figure class=\"wp-block-image size-large\"><a href=\"http:\/\/petraherotova.com\/wp-content\/uploads\/2020\/03\/f_27.jpg\" data-lbwps-width=\"822\" data-lbwps-height=\"559\" data-lbwps-srcsmall=\"https:\/\/petraherotova.com\/wp-content\/uploads\/2020\/03\/f_27-300x204.jpg\"><img loading=\"lazy\" decoding=\"async\" width=\"822\" height=\"559\" data-id=\"443\" src=\"http:\/\/petraherotova.com\/wp-content\/uploads\/2020\/03\/f_27.jpg\" alt=\"\" class=\"wp-image-443\" srcset=\"https:\/\/petraherotova.com\/wp-content\/uploads\/2020\/03\/f_27.jpg 822w, https:\/\/petraherotova.com\/wp-content\/uploads\/2020\/03\/f_27-300x204.jpg 300w, https:\/\/petraherotova.com\/wp-content\/uploads\/2020\/03\/f_27-768x522.jpg 768w\" sizes=\"auto, (max-width: 822px) 100vw, 822px\" \/><\/a><\/figure>\n\n\n\n<figure class=\"wp-block-image size-large\"><a href=\"http:\/\/petraherotova.com\/wp-content\/uploads\/2020\/03\/f_28.jpg\" data-lbwps-width=\"822\" data-lbwps-height=\"564\" data-lbwps-srcsmall=\"https:\/\/petraherotova.com\/wp-content\/uploads\/2020\/03\/f_28-300x206.jpg\"><img loading=\"lazy\" decoding=\"async\" width=\"822\" height=\"564\" data-id=\"444\" src=\"http:\/\/petraherotova.com\/wp-content\/uploads\/2020\/03\/f_28.jpg\" alt=\"\" class=\"wp-image-444\" srcset=\"https:\/\/petraherotova.com\/wp-content\/uploads\/2020\/03\/f_28.jpg 822w, https:\/\/petraherotova.com\/wp-content\/uploads\/2020\/03\/f_28-300x206.jpg 300w, https:\/\/petraherotova.com\/wp-content\/uploads\/2020\/03\/f_28-768x527.jpg 768w\" sizes=\"auto, (max-width: 822px) 100vw, 822px\" \/><\/a><\/figure>\n<\/figure>\n","protected":false},"excerpt":{"rendered":"<p>tu\u0161 na pap\u00ed\u0159e\/ink on paper, 30&#215;42 cm<\/p>\n","protected":false},"author":2,"featured_media":0,"parent":0,"menu_order":0,"comment_status":"closed","ping_status":"closed","template":"","meta":{"footnotes":""},"class_list":["post-416","page","type-page","status-publish","hentry"],"_links":{"self":[{"href":"https:\/\/petraherotova.com\/index.php?rest_route=\/wp\/v2\/pages\/416","targetHints":{"allow":["GET"]}}],"collection":[{"href":"https:\/\/petraherotova.com\/index.php?rest_route=\/wp\/v2\/pages"}],"about":[{"href":"https:\/\/petraherotova.com\/index.php?rest_route=\/wp\/v2\/types\/page"}],"author":[{"embeddable":true,"href":"https:\/\/petraherotova.com\/index.php?rest_route=\/wp\/v2\/users\/2"}],"replies":[{"embeddable":true,"href":"https:\/\/petraherotova.com\/index.php?rest_route=%2Fwp%2Fv2%2Fcomments&post=416"}],"version-history":[{"count":1,"href":"https:\/\/petraherotova.com\/index.php?rest_route=\/wp\/v2\/pages\/416\/revisions"}],"predecessor-version":[{"id":1130,"href":"https:\/\/petraherotova.com\/index.php?rest_route=\/wp\/v2\/pages\/416\/revisions\/1130"}],"wp:attachment":[{"href":"https:\/\/petraherotova.com\/index.php?rest_route=%2Fwp%2Fv2%2Fmedia&parent=416"}],"curies":[{"name":"wp","href":"https:\/\/api.w.org\/{rel}","templated":true}]}}