{"id":361,"date":"2020-03-22T15:56:55","date_gmt":"2020-03-22T15:56:55","guid":{"rendered":"http:\/\/34.90.220.16\/?page_id=361"},"modified":"2023-12-17T11:22:34","modified_gmt":"2023-12-17T10:22:34","slug":"tatkovo-naradi-daddys-tools-2005","status":"publish","type":"page","link":"https:\/\/petraherotova.com\/?page_id=361","title":{"rendered":"Ta\u0165kovo n\u00e1\u0159ad\u00ed\/Daddy\u00b4s Tools, 2005"},"content":{"rendered":"\n<p>fix na ar\u0161\u00edch slo\u017een\u00fdch z A4 kancel\u00e1\u0159sk\u00fdch pap\u00edr\u016f a objekt z pap\u00edru\/marker on sheets composed of A4 office paper and a paper object, foto kreseb\/photo of drawings: Marcel Rozho\u0148 <\/p>\n\n\n\n<figure class=\"wp-block-gallery aligncenter has-nested-images columns-1 is-cropped wp-block-gallery-1 is-layout-flex wp-block-gallery-is-layout-flex\">\n<figure class=\"wp-block-image\"><a href=\"http:\/\/petraherotova.com\/wp-content\/uploads\/2020\/03\/f_01.jpg\" data-lbwps-width=\"861\" data-lbwps-height=\"600\" data-lbwps-srcsmall=\"https:\/\/petraherotova.com\/wp-content\/uploads\/2020\/03\/f_01-300x209.jpg\"><img loading=\"lazy\" decoding=\"async\" width=\"861\" height=\"600\" data-id=\"362\" src=\"http:\/\/petraherotova.com\/wp-content\/uploads\/2020\/03\/f_01.jpg\" alt=\"\" class=\"wp-image-362\" srcset=\"https:\/\/petraherotova.com\/wp-content\/uploads\/2020\/03\/f_01.jpg 861w, https:\/\/petraherotova.com\/wp-content\/uploads\/2020\/03\/f_01-300x209.jpg 300w, https:\/\/petraherotova.com\/wp-content\/uploads\/2020\/03\/f_01-768x535.jpg 768w\" sizes=\"auto, (max-width: 861px) 100vw, 861px\" \/><\/a><\/figure>\n\n\n\n<figure class=\"wp-block-image\"><a href=\"http:\/\/petraherotova.com\/wp-content\/uploads\/2020\/03\/f_02.jpg\" data-lbwps-width=\"419\" data-lbwps-height=\"600\" data-lbwps-srcsmall=\"https:\/\/petraherotova.com\/wp-content\/uploads\/2020\/03\/f_02-210x300.jpg\"><img loading=\"lazy\" decoding=\"async\" width=\"419\" height=\"600\" data-id=\"363\" src=\"http:\/\/petraherotova.com\/wp-content\/uploads\/2020\/03\/f_02.jpg\" alt=\"\" class=\"wp-image-363\" srcset=\"https:\/\/petraherotova.com\/wp-content\/uploads\/2020\/03\/f_02.jpg 419w, https:\/\/petraherotova.com\/wp-content\/uploads\/2020\/03\/f_02-210x300.jpg 210w\" sizes=\"auto, (max-width: 419px) 100vw, 419px\" \/><\/a><\/figure>\n\n\n\n<figure class=\"wp-block-image\"><a href=\"http:\/\/petraherotova.com\/wp-content\/uploads\/2020\/03\/f_03.jpg\" data-lbwps-width=\"850\" data-lbwps-height=\"600\" data-lbwps-srcsmall=\"https:\/\/petraherotova.com\/wp-content\/uploads\/2020\/03\/f_03-300x212.jpg\"><img loading=\"lazy\" decoding=\"async\" width=\"850\" height=\"600\" data-id=\"364\" src=\"http:\/\/petraherotova.com\/wp-content\/uploads\/2020\/03\/f_03.jpg\" alt=\"\" class=\"wp-image-364\" srcset=\"https:\/\/petraherotova.com\/wp-content\/uploads\/2020\/03\/f_03.jpg 850w, https:\/\/petraherotova.com\/wp-content\/uploads\/2020\/03\/f_03-300x212.jpg 300w, https:\/\/petraherotova.com\/wp-content\/uploads\/2020\/03\/f_03-768x542.jpg 768w\" sizes=\"auto, (max-width: 850px) 100vw, 850px\" \/><\/a><\/figure>\n\n\n\n<figure class=\"wp-block-image\"><a href=\"http:\/\/petraherotova.com\/wp-content\/uploads\/2020\/03\/f_04.jpg\" data-lbwps-width=\"610\" data-lbwps-height=\"600\" data-lbwps-srcsmall=\"https:\/\/petraherotova.com\/wp-content\/uploads\/2020\/03\/f_04-300x295.jpg\"><img loading=\"lazy\" decoding=\"async\" width=\"610\" height=\"600\" data-id=\"365\" src=\"http:\/\/petraherotova.com\/wp-content\/uploads\/2020\/03\/f_04.jpg\" alt=\"\" class=\"wp-image-365\" srcset=\"https:\/\/petraherotova.com\/wp-content\/uploads\/2020\/03\/f_04.jpg 610w, https:\/\/petraherotova.com\/wp-content\/uploads\/2020\/03\/f_04-300x295.jpg 300w\" sizes=\"auto, (max-width: 610px) 100vw, 610px\" \/><\/a><\/figure>\n\n\n\n<figure class=\"wp-block-image\"><a href=\"http:\/\/petraherotova.com\/wp-content\/uploads\/2020\/03\/f_05.jpg\" data-lbwps-width=\"1394\" data-lbwps-height=\"500\" data-lbwps-srcsmall=\"https:\/\/petraherotova.com\/wp-content\/uploads\/2020\/03\/f_05-300x108.jpg\"><img loading=\"lazy\" decoding=\"async\" width=\"1024\" height=\"367\" data-id=\"366\" src=\"http:\/\/petraherotova.com\/wp-content\/uploads\/2020\/03\/f_05-1024x367.jpg\" alt=\"\" class=\"wp-image-366\" srcset=\"https:\/\/petraherotova.com\/wp-content\/uploads\/2020\/03\/f_05-1024x367.jpg 1024w, https:\/\/petraherotova.com\/wp-content\/uploads\/2020\/03\/f_05-300x108.jpg 300w, https:\/\/petraherotova.com\/wp-content\/uploads\/2020\/03\/f_05-768x275.jpg 768w, https:\/\/petraherotova.com\/wp-content\/uploads\/2020\/03\/f_05-1200x430.jpg 1200w, https:\/\/petraherotova.com\/wp-content\/uploads\/2020\/03\/f_05.jpg 1394w\" sizes=\"auto, (max-width: 1024px) 100vw, 1024px\" \/><\/a><\/figure>\n\n\n\n<figure class=\"wp-block-image\"><a href=\"http:\/\/petraherotova.com\/wp-content\/uploads\/2020\/03\/f_06.jpg\" data-lbwps-width=\"326\" data-lbwps-height=\"600\" data-lbwps-srcsmall=\"https:\/\/petraherotova.com\/wp-content\/uploads\/2020\/03\/f_06-163x300.jpg\"><img loading=\"lazy\" decoding=\"async\" width=\"326\" height=\"600\" data-id=\"367\" src=\"http:\/\/petraherotova.com\/wp-content\/uploads\/2020\/03\/f_06.jpg\" alt=\"\" class=\"wp-image-367\" srcset=\"https:\/\/petraherotova.com\/wp-content\/uploads\/2020\/03\/f_06.jpg 326w, https:\/\/petraherotova.com\/wp-content\/uploads\/2020\/03\/f_06-163x300.jpg 163w\" sizes=\"auto, (max-width: 326px) 100vw, 326px\" \/><\/a><\/figure>\n\n\n\n<figure class=\"wp-block-image\"><a href=\"http:\/\/petraherotova.com\/wp-content\/uploads\/2020\/03\/f_a.jpg\" data-lbwps-width=\"822\" data-lbwps-height=\"617\" data-lbwps-srcsmall=\"https:\/\/petraherotova.com\/wp-content\/uploads\/2020\/03\/f_a-300x225.jpg\"><img loading=\"lazy\" decoding=\"async\" width=\"822\" height=\"617\" data-id=\"368\" src=\"http:\/\/petraherotova.com\/wp-content\/uploads\/2020\/03\/f_a.jpg\" alt=\"\" class=\"wp-image-368\" srcset=\"https:\/\/petraherotova.com\/wp-content\/uploads\/2020\/03\/f_a.jpg 822w, https:\/\/petraherotova.com\/wp-content\/uploads\/2020\/03\/f_a-300x225.jpg 300w, https:\/\/petraherotova.com\/wp-content\/uploads\/2020\/03\/f_a-768x576.jpg 768w\" sizes=\"auto, (max-width: 822px) 100vw, 822px\" \/><\/a><\/figure>\n\n\n\n<figure class=\"wp-block-image\"><a href=\"http:\/\/petraherotova.com\/wp-content\/uploads\/2020\/03\/f_b.jpg\" data-lbwps-width=\"822\" data-lbwps-height=\"528\" data-lbwps-srcsmall=\"https:\/\/petraherotova.com\/wp-content\/uploads\/2020\/03\/f_b-300x193.jpg\"><img loading=\"lazy\" decoding=\"async\" width=\"822\" height=\"528\" data-id=\"369\" src=\"http:\/\/petraherotova.com\/wp-content\/uploads\/2020\/03\/f_b.jpg\" alt=\"\" class=\"wp-image-369\" srcset=\"https:\/\/petraherotova.com\/wp-content\/uploads\/2020\/03\/f_b.jpg 822w, https:\/\/petraherotova.com\/wp-content\/uploads\/2020\/03\/f_b-300x193.jpg 300w, https:\/\/petraherotova.com\/wp-content\/uploads\/2020\/03\/f_b-768x493.jpg 768w\" sizes=\"auto, (max-width: 822px) 100vw, 822px\" \/><\/a><\/figure>\n\n\n\n<figure class=\"wp-block-image\"><a href=\"http:\/\/petraherotova.com\/wp-content\/uploads\/2020\/03\/f_c.jpg\" data-lbwps-width=\"822\" data-lbwps-height=\"608\" data-lbwps-srcsmall=\"https:\/\/petraherotova.com\/wp-content\/uploads\/2020\/03\/f_c-300x222.jpg\"><img loading=\"lazy\" decoding=\"async\" width=\"822\" height=\"608\" data-id=\"370\" src=\"http:\/\/petraherotova.com\/wp-content\/uploads\/2020\/03\/f_c.jpg\" alt=\"\" class=\"wp-image-370\" srcset=\"https:\/\/petraherotova.com\/wp-content\/uploads\/2020\/03\/f_c.jpg 822w, https:\/\/petraherotova.com\/wp-content\/uploads\/2020\/03\/f_c-300x222.jpg 300w, https:\/\/petraherotova.com\/wp-content\/uploads\/2020\/03\/f_c-768x568.jpg 768w\" sizes=\"auto, (max-width: 822px) 100vw, 822px\" \/><\/a><\/figure>\n\n\n\n<figure class=\"wp-block-image\"><a href=\"http:\/\/petraherotova.com\/wp-content\/uploads\/2020\/03\/f_d.jpg\" data-lbwps-width=\"822\" data-lbwps-height=\"596\" data-lbwps-srcsmall=\"https:\/\/petraherotova.com\/wp-content\/uploads\/2020\/03\/f_d-300x218.jpg\"><img loading=\"lazy\" decoding=\"async\" width=\"822\" height=\"596\" data-id=\"371\" src=\"http:\/\/petraherotova.com\/wp-content\/uploads\/2020\/03\/f_d.jpg\" alt=\"\" class=\"wp-image-371\" srcset=\"https:\/\/petraherotova.com\/wp-content\/uploads\/2020\/03\/f_d.jpg 822w, https:\/\/petraherotova.com\/wp-content\/uploads\/2020\/03\/f_d-300x218.jpg 300w, https:\/\/petraherotova.com\/wp-content\/uploads\/2020\/03\/f_d-768x557.jpg 768w\" sizes=\"auto, (max-width: 822px) 100vw, 822px\" \/><\/a><\/figure>\n<\/figure>\n\n\n\n<h2 class=\"wp-block-heading\"><\/h2>\n","protected":false},"excerpt":{"rendered":"<p>fix na ar\u0161\u00edch slo\u017een\u00fdch z A4 kancel\u00e1\u0159sk\u00fdch pap\u00edr\u016f a objekt z pap\u00edru\/marker on sheets composed of A4 office paper and a paper object, foto kreseb\/photo of drawings: Marcel Rozho\u0148<\/p>\n","protected":false},"author":2,"featured_media":0,"parent":0,"menu_order":0,"comment_status":"closed","ping_status":"closed","template":"","meta":{"footnotes":""},"class_list":["post-361","page","type-page","status-publish","hentry"],"_links":{"self":[{"href":"https:\/\/petraherotova.com\/index.php?rest_route=\/wp\/v2\/pages\/361","targetHints":{"allow":["GET"]}}],"collection":[{"href":"https:\/\/petraherotova.com\/index.php?rest_route=\/wp\/v2\/pages"}],"about":[{"href":"https:\/\/petraherotova.com\/index.php?rest_route=\/wp\/v2\/types\/page"}],"author":[{"embeddable":true,"href":"https:\/\/petraherotova.com\/index.php?rest_route=\/wp\/v2\/users\/2"}],"replies":[{"embeddable":true,"href":"https:\/\/petraherotova.com\/index.php?rest_route=%2Fwp%2Fv2%2Fcomments&post=361"}],"version-history":[{"count":1,"href":"https:\/\/petraherotova.com\/index.php?rest_route=\/wp\/v2\/pages\/361\/revisions"}],"predecessor-version":[{"id":1132,"href":"https:\/\/petraherotova.com\/index.php?rest_route=\/wp\/v2\/pages\/361\/revisions\/1132"}],"wp:attachment":[{"href":"https:\/\/petraherotova.com\/index.php?rest_route=%2Fwp%2Fv2%2Fmedia&parent=361"}],"curies":[{"name":"wp","href":"https:\/\/api.w.org\/{rel}","templated":true}]}}