{"id":348,"date":"2020-03-22T15:45:43","date_gmt":"2020-03-22T15:45:43","guid":{"rendered":"http:\/\/34.90.220.16\/?page_id=348"},"modified":"2023-12-17T11:22:28","modified_gmt":"2023-12-17T10:22:28","slug":"survirtualni-svet-survirtual-world-2005","status":"publish","type":"page","link":"https:\/\/petraherotova.com\/?page_id=348","title":{"rendered":"Survirtu\u00e1ln\u00ed sv\u011bt\/Survirtual World, 2005"},"content":{"rendered":"\n<p>fix, lep\u00edc\u00ed p\u00e1ska na ar\u0161\u00edch slo\u017een\u00fdch z A4 kancel\u00e1\u0159sk\u00fdch pap\u00edr\u016f\/marker, duct tape on sheets composed of A4 office paper <\/p>\n\n\n\n<figure class=\"wp-block-gallery aligncenter has-nested-images columns-1 is-cropped wp-block-gallery-1 is-layout-flex wp-block-gallery-is-layout-flex\">\n<figure class=\"wp-block-image size-large\"><a href=\"http:\/\/petraherotova.com\/wp-content\/uploads\/2020\/03\/Sken_1-scaled-1.jpg\" data-lbwps-width=\"2560\" data-lbwps-height=\"1788\" data-lbwps-srcsmall=\"https:\/\/petraherotova.com\/wp-content\/uploads\/2020\/03\/Sken_1-scaled-1-300x210.jpg\"><img loading=\"lazy\" decoding=\"async\" width=\"1024\" height=\"715\" data-id=\"349\" src=\"http:\/\/petraherotova.com\/wp-content\/uploads\/2020\/03\/Sken_1-scaled-1-1024x715.jpg\" alt=\"\" class=\"wp-image-349\" srcset=\"https:\/\/petraherotova.com\/wp-content\/uploads\/2020\/03\/Sken_1-scaled-1-1024x715.jpg 1024w, https:\/\/petraherotova.com\/wp-content\/uploads\/2020\/03\/Sken_1-scaled-1-300x210.jpg 300w, https:\/\/petraherotova.com\/wp-content\/uploads\/2020\/03\/Sken_1-scaled-1-768x536.jpg 768w, https:\/\/petraherotova.com\/wp-content\/uploads\/2020\/03\/Sken_1-scaled-1-1536x1073.jpg 1536w, https:\/\/petraherotova.com\/wp-content\/uploads\/2020\/03\/Sken_1-scaled-1-2048x1430.jpg 2048w, https:\/\/petraherotova.com\/wp-content\/uploads\/2020\/03\/Sken_1-scaled-1-1200x838.jpg 1200w, https:\/\/petraherotova.com\/wp-content\/uploads\/2020\/03\/Sken_1-scaled-1-1980x1383.jpg 1980w\" sizes=\"auto, (max-width: 1024px) 100vw, 1024px\" \/><\/a><\/figure>\n\n\n\n<figure class=\"wp-block-image size-large\"><a href=\"http:\/\/petraherotova.com\/wp-content\/uploads\/2020\/03\/Sken_2-scaled-1.jpg\" data-lbwps-width=\"2560\" data-lbwps-height=\"2388\" data-lbwps-srcsmall=\"https:\/\/petraherotova.com\/wp-content\/uploads\/2020\/03\/Sken_2-scaled-1-300x280.jpg\"><img loading=\"lazy\" decoding=\"async\" width=\"1024\" height=\"955\" data-id=\"350\" src=\"http:\/\/petraherotova.com\/wp-content\/uploads\/2020\/03\/Sken_2-scaled-1-1024x955.jpg\" alt=\"\" class=\"wp-image-350\" srcset=\"https:\/\/petraherotova.com\/wp-content\/uploads\/2020\/03\/Sken_2-scaled-1-1024x955.jpg 1024w, https:\/\/petraherotova.com\/wp-content\/uploads\/2020\/03\/Sken_2-scaled-1-300x280.jpg 300w, https:\/\/petraherotova.com\/wp-content\/uploads\/2020\/03\/Sken_2-scaled-1-768x716.jpg 768w, https:\/\/petraherotova.com\/wp-content\/uploads\/2020\/03\/Sken_2-scaled-1-1536x1433.jpg 1536w, https:\/\/petraherotova.com\/wp-content\/uploads\/2020\/03\/Sken_2-scaled-1-2048x1910.jpg 2048w, https:\/\/petraherotova.com\/wp-content\/uploads\/2020\/03\/Sken_2-scaled-1-1200x1119.jpg 1200w, https:\/\/petraherotova.com\/wp-content\/uploads\/2020\/03\/Sken_2-scaled-1-1980x1847.jpg 1980w\" sizes=\"auto, (max-width: 1024px) 100vw, 1024px\" \/><\/a><\/figure>\n\n\n\n<figure class=\"wp-block-image size-large\"><a href=\"http:\/\/petraherotova.com\/wp-content\/uploads\/2020\/03\/Sken_3-scaled-1.jpg\" data-lbwps-width=\"1798\" data-lbwps-height=\"2560\" data-lbwps-srcsmall=\"https:\/\/petraherotova.com\/wp-content\/uploads\/2020\/03\/Sken_3-scaled-1-211x300.jpg\"><img loading=\"lazy\" decoding=\"async\" width=\"719\" height=\"1024\" data-id=\"351\" src=\"http:\/\/petraherotova.com\/wp-content\/uploads\/2020\/03\/Sken_3-scaled-1-719x1024.jpg\" alt=\"\" class=\"wp-image-351\" srcset=\"https:\/\/petraherotova.com\/wp-content\/uploads\/2020\/03\/Sken_3-scaled-1-719x1024.jpg 719w, https:\/\/petraherotova.com\/wp-content\/uploads\/2020\/03\/Sken_3-scaled-1-211x300.jpg 211w, https:\/\/petraherotova.com\/wp-content\/uploads\/2020\/03\/Sken_3-scaled-1-768x1093.jpg 768w, https:\/\/petraherotova.com\/wp-content\/uploads\/2020\/03\/Sken_3-scaled-1-1079x1536.jpg 1079w, https:\/\/petraherotova.com\/wp-content\/uploads\/2020\/03\/Sken_3-scaled-1-1438x2048.jpg 1438w, https:\/\/petraherotova.com\/wp-content\/uploads\/2020\/03\/Sken_3-scaled-1-1200x1709.jpg 1200w, https:\/\/petraherotova.com\/wp-content\/uploads\/2020\/03\/Sken_3-scaled-1.jpg 1798w\" sizes=\"auto, (max-width: 719px) 100vw, 719px\" \/><\/a><\/figure>\n\n\n\n<figure class=\"wp-block-image size-large\"><a href=\"http:\/\/petraherotova.com\/wp-content\/uploads\/2020\/03\/Sken_4-scaled-1.jpg\" data-lbwps-width=\"2560\" data-lbwps-height=\"1794\" data-lbwps-srcsmall=\"https:\/\/petraherotova.com\/wp-content\/uploads\/2020\/03\/Sken_4-scaled-1-300x210.jpg\"><img loading=\"lazy\" decoding=\"async\" width=\"1024\" height=\"718\" data-id=\"352\" src=\"http:\/\/petraherotova.com\/wp-content\/uploads\/2020\/03\/Sken_4-scaled-1-1024x718.jpg\" alt=\"\" class=\"wp-image-352\" srcset=\"https:\/\/petraherotova.com\/wp-content\/uploads\/2020\/03\/Sken_4-scaled-1-1024x718.jpg 1024w, https:\/\/petraherotova.com\/wp-content\/uploads\/2020\/03\/Sken_4-scaled-1-300x210.jpg 300w, https:\/\/petraherotova.com\/wp-content\/uploads\/2020\/03\/Sken_4-scaled-1-768x538.jpg 768w, https:\/\/petraherotova.com\/wp-content\/uploads\/2020\/03\/Sken_4-scaled-1-1536x1076.jpg 1536w, https:\/\/petraherotova.com\/wp-content\/uploads\/2020\/03\/Sken_4-scaled-1-2048x1435.jpg 2048w, https:\/\/petraherotova.com\/wp-content\/uploads\/2020\/03\/Sken_4-scaled-1-1200x841.jpg 1200w, https:\/\/petraherotova.com\/wp-content\/uploads\/2020\/03\/Sken_4-scaled-1-1980x1388.jpg 1980w\" sizes=\"auto, (max-width: 1024px) 100vw, 1024px\" \/><\/a><\/figure>\n\n\n\n<figure class=\"wp-block-image size-large\"><a href=\"http:\/\/petraherotova.com\/wp-content\/uploads\/2020\/03\/Sken_5-scaled-1.jpg\" data-lbwps-width=\"2560\" data-lbwps-height=\"1789\" data-lbwps-srcsmall=\"https:\/\/petraherotova.com\/wp-content\/uploads\/2020\/03\/Sken_5-scaled-1-300x210.jpg\"><img loading=\"lazy\" decoding=\"async\" width=\"1024\" height=\"716\" data-id=\"353\" src=\"http:\/\/petraherotova.com\/wp-content\/uploads\/2020\/03\/Sken_5-scaled-1-1024x716.jpg\" alt=\"\" class=\"wp-image-353\" srcset=\"https:\/\/petraherotova.com\/wp-content\/uploads\/2020\/03\/Sken_5-scaled-1-1024x716.jpg 1024w, https:\/\/petraherotova.com\/wp-content\/uploads\/2020\/03\/Sken_5-scaled-1-300x210.jpg 300w, https:\/\/petraherotova.com\/wp-content\/uploads\/2020\/03\/Sken_5-scaled-1-768x537.jpg 768w, https:\/\/petraherotova.com\/wp-content\/uploads\/2020\/03\/Sken_5-scaled-1-1536x1073.jpg 1536w, https:\/\/petraherotova.com\/wp-content\/uploads\/2020\/03\/Sken_5-scaled-1-2048x1431.jpg 2048w, https:\/\/petraherotova.com\/wp-content\/uploads\/2020\/03\/Sken_5-scaled-1-1200x839.jpg 1200w, https:\/\/petraherotova.com\/wp-content\/uploads\/2020\/03\/Sken_5-scaled-1-1980x1384.jpg 1980w\" sizes=\"auto, (max-width: 1024px) 100vw, 1024px\" \/><\/a><\/figure>\n\n\n\n<figure class=\"wp-block-image size-large\"><a href=\"http:\/\/petraherotova.com\/wp-content\/uploads\/2020\/03\/Sken_6-scaled-1.jpg\" data-lbwps-width=\"2560\" data-lbwps-height=\"2204\" data-lbwps-srcsmall=\"https:\/\/petraherotova.com\/wp-content\/uploads\/2020\/03\/Sken_6-scaled-1-300x258.jpg\"><img loading=\"lazy\" decoding=\"async\" width=\"1024\" height=\"882\" data-id=\"354\" src=\"http:\/\/petraherotova.com\/wp-content\/uploads\/2020\/03\/Sken_6-scaled-1-1024x882.jpg\" alt=\"\" class=\"wp-image-354\" srcset=\"https:\/\/petraherotova.com\/wp-content\/uploads\/2020\/03\/Sken_6-scaled-1-1024x882.jpg 1024w, https:\/\/petraherotova.com\/wp-content\/uploads\/2020\/03\/Sken_6-scaled-1-300x258.jpg 300w, https:\/\/petraherotova.com\/wp-content\/uploads\/2020\/03\/Sken_6-scaled-1-768x661.jpg 768w, https:\/\/petraherotova.com\/wp-content\/uploads\/2020\/03\/Sken_6-scaled-1-1536x1322.jpg 1536w, https:\/\/petraherotova.com\/wp-content\/uploads\/2020\/03\/Sken_6-scaled-1-2048x1763.jpg 2048w, https:\/\/petraherotova.com\/wp-content\/uploads\/2020\/03\/Sken_6-scaled-1-1200x1033.jpg 1200w, https:\/\/petraherotova.com\/wp-content\/uploads\/2020\/03\/Sken_6-scaled-1-1980x1705.jpg 1980w\" sizes=\"auto, (max-width: 1024px) 100vw, 1024px\" \/><\/a><\/figure>\n\n\n\n<figure class=\"wp-block-image size-large\"><a href=\"http:\/\/petraherotova.com\/wp-content\/uploads\/2020\/03\/Sken_7-scaled-1.jpg\" data-lbwps-width=\"2560\" data-lbwps-height=\"1432\" data-lbwps-srcsmall=\"https:\/\/petraherotova.com\/wp-content\/uploads\/2020\/03\/Sken_7-scaled-1-300x168.jpg\"><img loading=\"lazy\" decoding=\"async\" width=\"1024\" height=\"573\" data-id=\"355\" src=\"http:\/\/petraherotova.com\/wp-content\/uploads\/2020\/03\/Sken_7-scaled-1-1024x573.jpg\" alt=\"\" class=\"wp-image-355\" srcset=\"https:\/\/petraherotova.com\/wp-content\/uploads\/2020\/03\/Sken_7-scaled-1-1024x573.jpg 1024w, https:\/\/petraherotova.com\/wp-content\/uploads\/2020\/03\/Sken_7-scaled-1-300x168.jpg 300w, https:\/\/petraherotova.com\/wp-content\/uploads\/2020\/03\/Sken_7-scaled-1-768x430.jpg 768w, https:\/\/petraherotova.com\/wp-content\/uploads\/2020\/03\/Sken_7-scaled-1-1536x859.jpg 1536w, https:\/\/petraherotova.com\/wp-content\/uploads\/2020\/03\/Sken_7-scaled-1-2048x1146.jpg 2048w, https:\/\/petraherotova.com\/wp-content\/uploads\/2020\/03\/Sken_7-scaled-1-1200x671.jpg 1200w, https:\/\/petraherotova.com\/wp-content\/uploads\/2020\/03\/Sken_7-scaled-1-1980x1108.jpg 1980w\" sizes=\"auto, (max-width: 1024px) 100vw, 1024px\" \/><\/a><\/figure>\n<\/figure>\n","protected":false},"excerpt":{"rendered":"<p>fix, lep\u00edc\u00ed p\u00e1ska na ar\u0161\u00edch slo\u017een\u00fdch z A4 kancel\u00e1\u0159sk\u00fdch pap\u00edr\u016f\/marker, duct tape on sheets composed of A4 office paper<\/p>\n","protected":false},"author":2,"featured_media":0,"parent":0,"menu_order":0,"comment_status":"closed","ping_status":"closed","template":"","meta":{"footnotes":""},"class_list":["post-348","page","type-page","status-publish","hentry"],"_links":{"self":[{"href":"https:\/\/petraherotova.com\/index.php?rest_route=\/wp\/v2\/pages\/348","targetHints":{"allow":["GET"]}}],"collection":[{"href":"https:\/\/petraherotova.com\/index.php?rest_route=\/wp\/v2\/pages"}],"about":[{"href":"https:\/\/petraherotova.com\/index.php?rest_route=\/wp\/v2\/types\/page"}],"author":[{"embeddable":true,"href":"https:\/\/petraherotova.com\/index.php?rest_route=\/wp\/v2\/users\/2"}],"replies":[{"embeddable":true,"href":"https:\/\/petraherotova.com\/index.php?rest_route=%2Fwp%2Fv2%2Fcomments&post=348"}],"version-history":[{"count":1,"href":"https:\/\/petraherotova.com\/index.php?rest_route=\/wp\/v2\/pages\/348\/revisions"}],"predecessor-version":[{"id":1131,"href":"https:\/\/petraherotova.com\/index.php?rest_route=\/wp\/v2\/pages\/348\/revisions\/1131"}],"wp:attachment":[{"href":"https:\/\/petraherotova.com\/index.php?rest_route=%2Fwp%2Fv2%2Fmedia&parent=348"}],"curies":[{"name":"wp","href":"https:\/\/api.w.org\/{rel}","templated":true}]}}